{"id":116,"date":"2021-06-01T09:11:42","date_gmt":"2021-06-01T09:11:42","guid":{"rendered":"http:\/\/167.235.1.82\/~hobbyhes\/cozysaddles\/?page_id=116"},"modified":"2024-02-15T12:55:23","modified_gmt":"2024-02-15T12:55:23","slug":"cozy-treeless-leather-saddle","status":"publish","type":"page","link":"https:\/\/cozysaddles.com\/da\/products\/cozy-treeless-leather-saddle\/","title":{"rendered":"Cozy boml\u00f8s sadel i l\u00e6der"},"content":{"rendered":"<div data-elementor-type=\"wp-page\" data-elementor-id=\"116\" class=\"elementor elementor-116\" data-elementor-post-type=\"page\">\n\t\t\t\t\t\t<section class=\"elementor-section elementor-top-section elementor-element elementor-element-53d256c6 elementor-section-boxed elementor-section-height-default elementor-section-height-default\" data-id=\"53d256c6\" data-element_type=\"section\" data-e-type=\"section\">\n\t\t\t\t\t\t<div class=\"elementor-container elementor-column-gap-default\">\n\t\t\t\t\t<div class=\"elementor-column elementor-col-66 elementor-top-column elementor-element elementor-element-26769643\" data-id=\"26769643\" data-element_type=\"column\" data-e-type=\"column\">\n\t\t\t<div class=\"elementor-widget-wrap elementor-element-populated\">\n\t\t\t\t\t\t<div class=\"elementor-element elementor-element-a7c7a85 elementor-hidden-desktop elementor-hidden-tablet elementor-widget elementor-widget-image\" data-id=\"a7c7a85\" data-element_type=\"widget\" data-e-type=\"widget\" data-widget_type=\"image.default\">\n\t\t\t\t<div class=\"elementor-widget-container\">\n\t\t\t\t\t\t\t\t\t\t\t\t\t\t\t<img fetchpriority=\"high\" decoding=\"async\" width=\"600\" height=\"600\" src=\"https:\/\/cozysaddles.com\/wp-content\/uploads\/2021\/08\/cozy-treeless-saddle-leather-frontside-600x600-1.jpg\" class=\"attachment-full size-full wp-image-213\" alt=\"Cozy treeless leather saddle seen from the front\" srcset=\"https:\/\/cozysaddles.com\/wp-content\/uploads\/2021\/08\/cozy-treeless-saddle-leather-frontside-600x600-1.jpg 600w, https:\/\/cozysaddles.com\/wp-content\/uploads\/2021\/08\/cozy-treeless-saddle-leather-frontside-600x600-1-100x100.jpg 100w, https:\/\/cozysaddles.com\/wp-content\/uploads\/2021\/08\/cozy-treeless-saddle-leather-frontside-600x600-1-300x300.jpg 300w, https:\/\/cozysaddles.com\/wp-content\/uploads\/2021\/08\/cozy-treeless-saddle-leather-frontside-600x600-1-150x150.jpg 150w\" sizes=\"(max-width: 600px) 100vw, 600px\" \/>\t\t\t\t\t\t\t\t\t\t\t\t\t\t\t<\/div>\n\t\t\t\t<\/div>\n\t\t\t\t<div class=\"elementor-element elementor-element-7b678112 elementor-widget elementor-widget-text-editor\" data-id=\"7b678112\" data-element_type=\"widget\" data-e-type=\"widget\" data-widget_type=\"text-editor.default\">\n\t\t\t\t<div class=\"elementor-widget-container\">\n\t\t\t\t\t\t\t\t\t<p>Denne sadle er vores favorit hos Cozy. Du kan sidde i denne sadel i timevis uden at blive \u00f8m. Sadlen har en god v\u00e6gtfordeling og har vist fremragende resultater i test med Port Lewis Impression Pad.<\/p><p>Sadlen er lavet i en helst\u00f8bt skumbase og et helst\u00f8bt skums\u00e6de, som sidder sammen via en kraftig velcro. Mellem s\u00e6det og basen sidder stigremsoph\u00e6nget og kopfjernet. De kan begge justeres eller fjernes. Sadlen har fastsyede kn\u00e6st\u00f8tter foran, to ringer foran og tre ringe bagved til fastg\u00f8relse af sadeltasker, brystplade, underlag m.m. Oversiden af sadlen er bekl\u00e6dt med kalvel\u00e6der og undersiden med syntetisk fleece. Sadlen er meget let og vejer cirka 3 kg.<\/p><p>Til brede umarkerede heste(t\u00f8ndeformede) anbefaler vi at bruge almindeligt dressur-\/kombiunderlag i bomuld. Andre materialer kan dog ogs\u00e5 fungere men nogle underlag med uld eller syntetiske materialer har tendens til at blive glatte. Undlad at bruge underlag med indl\u00e6g. I test har det vist sig, at hvis der puttes for meget under sadlen p\u00e5 en bred umarkeret hest vil risikoen for at sadlen glider rundt eller ligger i d\u00e5rlig balance blive st\u00f8rre. P\u00e5 brede umarkerede heste har underlag med indl\u00e6g ikke vist forbedret trykfordeling.<\/p><p>Til markerede heste anbefaler vi et sadelunderlag med indl\u00e6g\/paneler, der kan aflaste rygraden. Til meget markerede heste b\u00f8r indl\u00e6ggene best\u00e5 af minimum 10 mm fast skum og 10 mm bl\u00f8dt skum.<\/p><p>Gjordstropperne er lavet i l\u00e6der med nylon p\u00e5 bagsiden. Du kan bruge en dressurgjord til denne sadel og almindelige stigremme. For at minimere risikoen for trykninger, anbefaler vi at montere stigremmen med sp\u00e6ndet ved stigb\u00f8jlen frem for under s\u00e6det. Det kan f.eks. v\u00e6re <a href=\"https:\/\/cozysaddles.com\/da\/products\/cozy-stirrup-straps-with-stirrup-protectors\/\">Cozy stigremme med stigremsbeskytter<\/a><\/p><p>P\u00e5 grund af sadlens fleksibilitet er stigremsoph\u00e6nget lukket. I test med \u00e5bent stigremsoph\u00e6ng p\u00e5 denne type sadel, har vi erfaret at stigremmen under ridning pludselig kan hoppe af med risiko for at falde af hesten. Derfor har Cozys boml\u00f8se sadler et sikkert lukket stigremsoph\u00e6ng, og vi anbefaler altid at bruge sikkerhedsstigb\u00f8jler. Det kan f.eks. v\u00e6re <a href=\"https:\/\/cozysaddles.com\/da\/products\/cozy-safety-stirrup-with-cage\/\">Cozy sikkerhedsstigb\u00f8jle med bur<\/a>.<\/p><p>Sadlerne findes i  15\", 16\", 17\" og 18\". Basen er 48 cm lang i 15\" og 55 cm lang i 16\", 17\" og 18\".<\/p><p><div class=\"order-button content-control-container jp-cc content-control-not-accessible jp-cc-not-accessible\"><a href=\"https:\/\/cozysaddles.com\/da\/my-account\/\">Log in to order<\/a><\/div><\/p>\t\t\t\t\t\t\t\t<\/div>\n\t\t\t\t<\/div>\n\t\t\t\t\t<\/div>\n\t\t<\/div>\n\t\t\t\t<div class=\"elementor-column elementor-col-33 elementor-top-column elementor-element elementor-element-334479a\" data-id=\"334479a\" data-element_type=\"column\" data-e-type=\"column\">\n\t\t\t<div class=\"elementor-widget-wrap elementor-element-populated\">\n\t\t\t\t\t\t<div class=\"elementor-element elementor-element-da41d75 elementor-widget elementor-widget-image-gallery\" data-id=\"da41d75\" data-element_type=\"widget\" data-e-type=\"widget\" data-widget_type=\"image-gallery.default\">\n\t\t\t\t<div class=\"elementor-widget-container\">\n\t\t\t\t\t\t\t<div class=\"elementor-image-gallery\">\n\t\t\t<div id='gallery-1' class='gallery galleryid-116 gallery-columns-1 gallery-size-medium'><figure class='gallery-item'>\n\t\t\t<div class='gallery-icon landscape'>\n\t\t\t\t<a data-elementor-open-lightbox=\"yes\" data-elementor-lightbox-slideshow=\"da41d75\" data-e-action-hash=\"#elementor-action%3Aaction%3Dlightbox%26settings%3DeyJpZCI6MjEzLCJ1cmwiOiJodHRwczpcL1wvY296eXNhZGRsZXMuY29tXC93cC1jb250ZW50XC91cGxvYWRzXC8yMDIxXC8wOFwvY296eS10cmVlbGVzcy1zYWRkbGUtbGVhdGhlci1mcm9udHNpZGUtNjAweDYwMC0xLmpwZyIsInNsaWRlc2hvdyI6ImRhNDFkNzUifQ%3D%3D\" href='https:\/\/cozysaddles.com\/wp-content\/uploads\/2021\/08\/cozy-treeless-saddle-leather-frontside-600x600-1.jpg'><img decoding=\"async\" width=\"300\" height=\"300\" src=\"https:\/\/cozysaddles.com\/wp-content\/uploads\/2021\/08\/cozy-treeless-saddle-leather-frontside-600x600-1-300x300.jpg\" class=\"attachment-medium size-medium\" alt=\"Cozy treeless leather saddle seen from the front\" srcset=\"https:\/\/cozysaddles.com\/wp-content\/uploads\/2021\/08\/cozy-treeless-saddle-leather-frontside-600x600-1-300x300.jpg 300w, https:\/\/cozysaddles.com\/wp-content\/uploads\/2021\/08\/cozy-treeless-saddle-leather-frontside-600x600-1.jpg 600w, https:\/\/cozysaddles.com\/wp-content\/uploads\/2021\/08\/cozy-treeless-saddle-leather-frontside-600x600-1-100x100.jpg 100w, https:\/\/cozysaddles.com\/wp-content\/uploads\/2021\/08\/cozy-treeless-saddle-leather-frontside-600x600-1-150x150.jpg 150w\" sizes=\"(max-width: 300px) 100vw, 300px\" \/><\/a>\n\t\t\t<\/div><\/figure><figure class='gallery-item'>\n\t\t\t<div class='gallery-icon landscape'>\n\t\t\t\t<a data-elementor-open-lightbox=\"yes\" data-elementor-lightbox-slideshow=\"da41d75\" data-e-action-hash=\"#elementor-action%3Aaction%3Dlightbox%26settings%3DeyJpZCI6MjEyLCJ1cmwiOiJodHRwczpcL1wvY296eXNhZGRsZXMuY29tXC93cC1jb250ZW50XC91cGxvYWRzXC8yMDIxXC8wOFwvY296eS10cmVlbGVzcy1zYWRkbGUtbGVhdGhlci1iYWNrLTYwMHg2MDAtMS5wbmciLCJzbGlkZXNob3ciOiJkYTQxZDc1In0%3D\" href='https:\/\/cozysaddles.com\/wp-content\/uploads\/2021\/08\/cozy-treeless-saddle-leather-back-600x600-1.png'><img decoding=\"async\" width=\"300\" height=\"300\" src=\"https:\/\/cozysaddles.com\/wp-content\/uploads\/2021\/08\/cozy-treeless-saddle-leather-back-600x600-1-300x300.png\" class=\"attachment-medium size-medium\" alt=\"Cozy treeless leather saddle seen from the back\" srcset=\"https:\/\/cozysaddles.com\/wp-content\/uploads\/2021\/08\/cozy-treeless-saddle-leather-back-600x600-1-300x300.png 300w, https:\/\/cozysaddles.com\/wp-content\/uploads\/2021\/08\/cozy-treeless-saddle-leather-back-600x600-1.png 600w, https:\/\/cozysaddles.com\/wp-content\/uploads\/2021\/08\/cozy-treeless-saddle-leather-back-600x600-1-100x100.png 100w, https:\/\/cozysaddles.com\/wp-content\/uploads\/2021\/08\/cozy-treeless-saddle-leather-back-600x600-1-150x150.png 150w\" sizes=\"(max-width: 300px) 100vw, 300px\" \/><\/a>\n\t\t\t<\/div><\/figure><figure class='gallery-item'>\n\t\t\t<div class='gallery-icon landscape'>\n\t\t\t\t<a data-elementor-open-lightbox=\"yes\" data-elementor-lightbox-slideshow=\"da41d75\" data-e-action-hash=\"#elementor-action%3Aaction%3Dlightbox%26settings%3DeyJpZCI6MjE0LCJ1cmwiOiJodHRwczpcL1wvY296eXNhZGRsZXMuY29tXC93cC1jb250ZW50XC91cGxvYWRzXC8yMDIxXC8wOFwvY296eS10cmVlbGVzcy1zYWRkbGUtbGVhdGhlci1zaWRlLTYwMHg2MDAtMS5qcGciLCJzbGlkZXNob3ciOiJkYTQxZDc1In0%3D\" href='https:\/\/cozysaddles.com\/wp-content\/uploads\/2021\/08\/cozy-treeless-saddle-leather-side-600x600-1.jpg'><img loading=\"lazy\" decoding=\"async\" width=\"300\" height=\"300\" src=\"https:\/\/cozysaddles.com\/wp-content\/uploads\/2021\/08\/cozy-treeless-saddle-leather-side-600x600-1-300x300.jpg\" class=\"attachment-medium size-medium\" alt=\"Cozy treeless leather saddle seen from the side\" srcset=\"https:\/\/cozysaddles.com\/wp-content\/uploads\/2021\/08\/cozy-treeless-saddle-leather-side-600x600-1-300x300.jpg 300w, https:\/\/cozysaddles.com\/wp-content\/uploads\/2021\/08\/cozy-treeless-saddle-leather-side-600x600-1.jpg 600w, https:\/\/cozysaddles.com\/wp-content\/uploads\/2021\/08\/cozy-treeless-saddle-leather-side-600x600-1-100x100.jpg 100w, https:\/\/cozysaddles.com\/wp-content\/uploads\/2021\/08\/cozy-treeless-saddle-leather-side-600x600-1-150x150.jpg 150w\" sizes=\"(max-width: 300px) 100vw, 300px\" \/><\/a>\n\t\t\t<\/div><\/figure>\n\t\t<\/div>\n\t\t<\/div>\n\t\t\t\t\t\t<\/div>\n\t\t\t\t<\/div>\n\t\t\t\t\t<\/div>\n\t\t<\/div>\n\t\t\t\t\t<\/div>\n\t\t<\/section>\n\t\t\t\t<\/div>","protected":false},"excerpt":{"rendered":"<p>This saddle is our favorite at Cozy. You can sit in this saddle for hours, and you will not get sore. The saddle has good weight distribution, and have shown excellent results in test with the Port Lewis Impression Pad. The saddle is made from a one-piece foam base and a one-piece foam seat attached [&hellip;]<\/p>\n","protected":false},"author":1,"featured_media":213,"parent":108,"menu_order":1,"comment_status":"closed","ping_status":"closed","template":"","meta":{"footnotes":""},"class_list":["post-116","page","type-page","status-publish","has-post-thumbnail","hentry"],"yoast_head":"<!-- This site is optimized with the Yoast SEO plugin v27.4 - https:\/\/yoast.com\/product\/yoast-seo-wordpress\/ -->\n<title>Cozy treeless leather saddle - Cozy<\/title>\n<meta name=\"robots\" content=\"noindex, follow, max-snippet:-1, max-image-preview:large, max-video-preview:-1\" \/>\n<meta property=\"og:locale\" content=\"da_DK\" \/>\n<meta property=\"og:type\" content=\"article\" \/>\n<meta property=\"og:title\" content=\"Cozy treeless leather saddle - Cozy\" \/>\n<meta property=\"og:description\" content=\"This saddle is our favorite at Cozy. You can sit in this saddle for hours, and you will not get sore. The saddle has good weight distribution, and have shown excellent results in test with the Port Lewis Impression Pad. The saddle is made from a one-piece foam base and a one-piece foam seat attached [&hellip;]\" \/>\n<meta property=\"og:url\" content=\"https:\/\/cozysaddles.com\/da\/products\/cozy-treeless-leather-saddle\/\" \/>\n<meta property=\"og:site_name\" content=\"Cozy\" \/>\n<meta property=\"article:modified_time\" content=\"2024-02-15T12:55:23+00:00\" \/>\n<meta property=\"og:image\" content=\"https:\/\/cozysaddles.com\/wp-content\/uploads\/2021\/08\/cozy-treeless-saddle-leather-frontside-600x600-1.jpg\" \/>\n\t<meta property=\"og:image:width\" content=\"600\" \/>\n\t<meta property=\"og:image:height\" content=\"600\" \/>\n\t<meta property=\"og:image:type\" content=\"image\/jpeg\" \/>\n<meta name=\"twitter:card\" content=\"summary_large_image\" \/>\n<meta name=\"twitter:label1\" content=\"Estimeret l\u00e6setid\" \/>\n\t<meta name=\"twitter:data1\" content=\"3 minutter\" \/>\n<script type=\"application\/ld+json\" class=\"yoast-schema-graph\">{\"@context\":\"https:\\\/\\\/schema.org\",\"@graph\":[{\"@type\":\"WebPage\",\"@id\":\"https:\\\/\\\/cozysaddles.com\\\/products\\\/cozy-treeless-leather-saddle\\\/\",\"url\":\"https:\\\/\\\/cozysaddles.com\\\/products\\\/cozy-treeless-leather-saddle\\\/\",\"name\":\"Cozy treeless leather saddle - Cozy\",\"isPartOf\":{\"@id\":\"https:\\\/\\\/cozysaddles.com\\\/#website\"},\"primaryImageOfPage\":{\"@id\":\"https:\\\/\\\/cozysaddles.com\\\/products\\\/cozy-treeless-leather-saddle\\\/#primaryimage\"},\"image\":{\"@id\":\"https:\\\/\\\/cozysaddles.com\\\/products\\\/cozy-treeless-leather-saddle\\\/#primaryimage\"},\"thumbnailUrl\":\"https:\\\/\\\/cozysaddles.com\\\/wp-content\\\/uploads\\\/2021\\\/08\\\/cozy-treeless-saddle-leather-frontside-600x600-1.jpg\",\"datePublished\":\"2021-06-01T09:11:42+00:00\",\"dateModified\":\"2024-02-15T12:55:23+00:00\",\"breadcrumb\":{\"@id\":\"https:\\\/\\\/cozysaddles.com\\\/products\\\/cozy-treeless-leather-saddle\\\/#breadcrumb\"},\"inLanguage\":\"da-DK\",\"potentialAction\":[{\"@type\":\"ReadAction\",\"target\":[\"https:\\\/\\\/cozysaddles.com\\\/products\\\/cozy-treeless-leather-saddle\\\/\"]}]},{\"@type\":\"ImageObject\",\"inLanguage\":\"da-DK\",\"@id\":\"https:\\\/\\\/cozysaddles.com\\\/products\\\/cozy-treeless-leather-saddle\\\/#primaryimage\",\"url\":\"https:\\\/\\\/cozysaddles.com\\\/wp-content\\\/uploads\\\/2021\\\/08\\\/cozy-treeless-saddle-leather-frontside-600x600-1.jpg\",\"contentUrl\":\"https:\\\/\\\/cozysaddles.com\\\/wp-content\\\/uploads\\\/2021\\\/08\\\/cozy-treeless-saddle-leather-frontside-600x600-1.jpg\",\"width\":600,\"height\":600,\"caption\":\"Cozy treeless leather saddle seen from the front\"},{\"@type\":\"BreadcrumbList\",\"@id\":\"https:\\\/\\\/cozysaddles.com\\\/products\\\/cozy-treeless-leather-saddle\\\/#breadcrumb\",\"itemListElement\":[{\"@type\":\"ListItem\",\"position\":1,\"name\":\"Home\",\"item\":\"https:\\\/\\\/cozysaddles.com\\\/\"},{\"@type\":\"ListItem\",\"position\":2,\"name\":\"Products\",\"item\":\"https:\\\/\\\/cozysaddles.com\\\/products\\\/\"},{\"@type\":\"ListItem\",\"position\":3,\"name\":\"Cozy treeless leather saddle\"}]},{\"@type\":\"WebSite\",\"@id\":\"https:\\\/\\\/cozysaddles.com\\\/#website\",\"url\":\"https:\\\/\\\/cozysaddles.com\\\/\",\"name\":\"Cozy\",\"description\":\"Easy, simple and affordable\",\"publisher\":{\"@id\":\"https:\\\/\\\/cozysaddles.com\\\/#organization\"},\"potentialAction\":[{\"@type\":\"SearchAction\",\"target\":{\"@type\":\"EntryPoint\",\"urlTemplate\":\"https:\\\/\\\/cozysaddles.com\\\/?s={search_term_string}\"},\"query-input\":{\"@type\":\"PropertyValueSpecification\",\"valueRequired\":true,\"valueName\":\"search_term_string\"}}],\"inLanguage\":\"da-DK\"},{\"@type\":\"Organization\",\"@id\":\"https:\\\/\\\/cozysaddles.com\\\/#organization\",\"name\":\"Cozy\",\"url\":\"https:\\\/\\\/cozysaddles.com\\\/\",\"logo\":{\"@type\":\"ImageObject\",\"inLanguage\":\"da-DK\",\"@id\":\"https:\\\/\\\/cozysaddles.com\\\/#\\\/schema\\\/logo\\\/image\\\/\",\"url\":\"https:\\\/\\\/cozysaddles.com\\\/wp-content\\\/uploads\\\/2024\\\/04\\\/cozy-logo-310.png\",\"contentUrl\":\"https:\\\/\\\/cozysaddles.com\\\/wp-content\\\/uploads\\\/2024\\\/04\\\/cozy-logo-310.png\",\"width\":310,\"height\":139,\"caption\":\"Cozy\"},\"image\":{\"@id\":\"https:\\\/\\\/cozysaddles.com\\\/#\\\/schema\\\/logo\\\/image\\\/\"}}]}<\/script>\n<!-- \/ Yoast SEO plugin. -->","yoast_head_json":{"title":"Cozy treeless leather saddle - Cozy","robots":{"index":"noindex","follow":"follow","max-snippet":"max-snippet:-1","max-image-preview":"max-image-preview:large","max-video-preview":"max-video-preview:-1"},"og_locale":"da_DK","og_type":"article","og_title":"Cozy treeless leather saddle - Cozy","og_description":"This saddle is our favorite at Cozy. You can sit in this saddle for hours, and you will not get sore. The saddle has good weight distribution, and have shown excellent results in test with the Port Lewis Impression Pad. The saddle is made from a one-piece foam base and a one-piece foam seat attached [&hellip;]","og_url":"https:\/\/cozysaddles.com\/da\/products\/cozy-treeless-leather-saddle\/","og_site_name":"Cozy","article_modified_time":"2024-02-15T12:55:23+00:00","og_image":[{"width":600,"height":600,"url":"https:\/\/cozysaddles.com\/wp-content\/uploads\/2021\/08\/cozy-treeless-saddle-leather-frontside-600x600-1.jpg","type":"image\/jpeg"}],"twitter_card":"summary_large_image","twitter_misc":{"Estimeret l\u00e6setid":"3 minutter"},"schema":{"@context":"https:\/\/schema.org","@graph":[{"@type":"WebPage","@id":"https:\/\/cozysaddles.com\/products\/cozy-treeless-leather-saddle\/","url":"https:\/\/cozysaddles.com\/products\/cozy-treeless-leather-saddle\/","name":"Cozy treeless leather saddle - Cozy","isPartOf":{"@id":"https:\/\/cozysaddles.com\/#website"},"primaryImageOfPage":{"@id":"https:\/\/cozysaddles.com\/products\/cozy-treeless-leather-saddle\/#primaryimage"},"image":{"@id":"https:\/\/cozysaddles.com\/products\/cozy-treeless-leather-saddle\/#primaryimage"},"thumbnailUrl":"https:\/\/cozysaddles.com\/wp-content\/uploads\/2021\/08\/cozy-treeless-saddle-leather-frontside-600x600-1.jpg","datePublished":"2021-06-01T09:11:42+00:00","dateModified":"2024-02-15T12:55:23+00:00","breadcrumb":{"@id":"https:\/\/cozysaddles.com\/products\/cozy-treeless-leather-saddle\/#breadcrumb"},"inLanguage":"da-DK","potentialAction":[{"@type":"ReadAction","target":["https:\/\/cozysaddles.com\/products\/cozy-treeless-leather-saddle\/"]}]},{"@type":"ImageObject","inLanguage":"da-DK","@id":"https:\/\/cozysaddles.com\/products\/cozy-treeless-leather-saddle\/#primaryimage","url":"https:\/\/cozysaddles.com\/wp-content\/uploads\/2021\/08\/cozy-treeless-saddle-leather-frontside-600x600-1.jpg","contentUrl":"https:\/\/cozysaddles.com\/wp-content\/uploads\/2021\/08\/cozy-treeless-saddle-leather-frontside-600x600-1.jpg","width":600,"height":600,"caption":"Cozy treeless leather saddle seen from the front"},{"@type":"BreadcrumbList","@id":"https:\/\/cozysaddles.com\/products\/cozy-treeless-leather-saddle\/#breadcrumb","itemListElement":[{"@type":"ListItem","position":1,"name":"Home","item":"https:\/\/cozysaddles.com\/"},{"@type":"ListItem","position":2,"name":"Products","item":"https:\/\/cozysaddles.com\/products\/"},{"@type":"ListItem","position":3,"name":"Cozy treeless leather saddle"}]},{"@type":"WebSite","@id":"https:\/\/cozysaddles.com\/#website","url":"https:\/\/cozysaddles.com\/","name":"Cozy","description":"Easy, simple and affordable","publisher":{"@id":"https:\/\/cozysaddles.com\/#organization"},"potentialAction":[{"@type":"SearchAction","target":{"@type":"EntryPoint","urlTemplate":"https:\/\/cozysaddles.com\/?s={search_term_string}"},"query-input":{"@type":"PropertyValueSpecification","valueRequired":true,"valueName":"search_term_string"}}],"inLanguage":"da-DK"},{"@type":"Organization","@id":"https:\/\/cozysaddles.com\/#organization","name":"Cozy","url":"https:\/\/cozysaddles.com\/","logo":{"@type":"ImageObject","inLanguage":"da-DK","@id":"https:\/\/cozysaddles.com\/#\/schema\/logo\/image\/","url":"https:\/\/cozysaddles.com\/wp-content\/uploads\/2024\/04\/cozy-logo-310.png","contentUrl":"https:\/\/cozysaddles.com\/wp-content\/uploads\/2024\/04\/cozy-logo-310.png","width":310,"height":139,"caption":"Cozy"},"image":{"@id":"https:\/\/cozysaddles.com\/#\/schema\/logo\/image\/"}}]}},"_links":{"self":[{"href":"https:\/\/cozysaddles.com\/da\/wp-json\/wp\/v2\/pages\/116","targetHints":{"allow":["GET"]}}],"collection":[{"href":"https:\/\/cozysaddles.com\/da\/wp-json\/wp\/v2\/pages"}],"about":[{"href":"https:\/\/cozysaddles.com\/da\/wp-json\/wp\/v2\/types\/page"}],"author":[{"embeddable":true,"href":"https:\/\/cozysaddles.com\/da\/wp-json\/wp\/v2\/users\/1"}],"replies":[{"embeddable":true,"href":"https:\/\/cozysaddles.com\/da\/wp-json\/wp\/v2\/comments?post=116"}],"version-history":[{"count":0,"href":"https:\/\/cozysaddles.com\/da\/wp-json\/wp\/v2\/pages\/116\/revisions"}],"up":[{"embeddable":true,"href":"https:\/\/cozysaddles.com\/da\/wp-json\/wp\/v2\/pages\/108"}],"wp:featuredmedia":[{"embeddable":true,"href":"https:\/\/cozysaddles.com\/da\/wp-json\/wp\/v2\/media\/213"}],"wp:attachment":[{"href":"https:\/\/cozysaddles.com\/da\/wp-json\/wp\/v2\/media?parent=116"}],"curies":[{"name":"wp","href":"https:\/\/api.w.org\/{rel}","templated":true}]}}