{"id":530,"date":"2024-02-15T11:45:52","date_gmt":"2024-02-15T11:45:52","guid":{"rendered":"http:\/\/167.235.1.82\/~hobbyhes\/cozysaddles\/?page_id=530"},"modified":"2024-02-15T12:38:02","modified_gmt":"2024-02-15T12:38:02","slug":"cozy-stirrup-straps-with-stirrup-protectors","status":"publish","type":"page","link":"https:\/\/cozysaddles.com\/da\/products\/cozy-stirrup-straps-with-stirrup-protectors\/","title":{"rendered":"Cozy stigremme med stigremsbeskytter"},"content":{"rendered":"<div data-elementor-type=\"wp-page\" data-elementor-id=\"530\" class=\"elementor elementor-530\" data-elementor-post-type=\"page\">\n\t\t\t\t\t\t<section class=\"elementor-section elementor-top-section elementor-element elementor-element-49cd0e9 elementor-section-boxed elementor-section-height-default elementor-section-height-default\" data-id=\"49cd0e9\" data-element_type=\"section\" data-e-type=\"section\">\n\t\t\t\t\t\t<div class=\"elementor-container elementor-column-gap-default\">\n\t\t\t\t\t<div class=\"elementor-column elementor-col-66 elementor-top-column elementor-element elementor-element-7248ab3\" data-id=\"7248ab3\" data-element_type=\"column\" data-e-type=\"column\">\n\t\t\t<div class=\"elementor-widget-wrap elementor-element-populated\">\n\t\t\t\t\t\t<div class=\"elementor-element elementor-element-bce3470 elementor-hidden-desktop elementor-hidden-tablet elementor-widget elementor-widget-image\" data-id=\"bce3470\" data-element_type=\"widget\" data-e-type=\"widget\" data-widget_type=\"image.default\">\n\t\t\t\t<div class=\"elementor-widget-container\">\n\t\t\t\t\t\t\t\t\t\t\t\t\t\t\t<img fetchpriority=\"high\" decoding=\"async\" width=\"800\" height=\"800\" src=\"https:\/\/cozysaddles.com\/wp-content\/uploads\/2024\/02\/cozy-stirrup-straps-and-protectors-closed800X800.jpg\" class=\"attachment-full size-full wp-image-550\" alt=\"Stirrup strap leather with protectors\" srcset=\"https:\/\/cozysaddles.com\/wp-content\/uploads\/2024\/02\/cozy-stirrup-straps-and-protectors-closed800X800.jpg 800w, https:\/\/cozysaddles.com\/wp-content\/uploads\/2024\/02\/cozy-stirrup-straps-and-protectors-closed800X800-300x300.jpg 300w, https:\/\/cozysaddles.com\/wp-content\/uploads\/2024\/02\/cozy-stirrup-straps-and-protectors-closed800X800-150x150.jpg 150w, https:\/\/cozysaddles.com\/wp-content\/uploads\/2024\/02\/cozy-stirrup-straps-and-protectors-closed800X800-768x768.jpg 768w, https:\/\/cozysaddles.com\/wp-content\/uploads\/2024\/02\/cozy-stirrup-straps-and-protectors-closed800X800-12x12.jpg 12w, https:\/\/cozysaddles.com\/wp-content\/uploads\/2024\/02\/cozy-stirrup-straps-and-protectors-closed800X800-600x600.jpg 600w, https:\/\/cozysaddles.com\/wp-content\/uploads\/2024\/02\/cozy-stirrup-straps-and-protectors-closed800X800-100x100.jpg 100w\" sizes=\"(max-width: 800px) 100vw, 800px\" \/>\t\t\t\t\t\t\t\t\t\t\t\t\t\t\t<\/div>\n\t\t\t\t<\/div>\n\t\t\t\t<div class=\"elementor-element elementor-element-447ceb1 elementor-widget elementor-widget-text-editor\" data-id=\"447ceb1\" data-element_type=\"widget\" data-e-type=\"widget\" data-widget_type=\"text-editor.default\">\n\t\t\t\t<div class=\"elementor-widget-container\">\n\t\t\t\t\t\t\t\t\t<p>Disse stigremme har en nylonkerne, s\u00e5 de ikke str\u00e6kker sig og er betrukket med kalveskind. Der medf\u00f8lger en stigremssbeskytter til at d\u00e6kke sp\u00e6ndet for at undg\u00e5 at det ridser eller niver, n\u00e5r sp\u00e6ndet sidder forneden ved stigb\u00f8jlen<\/p><p>Vi anbefaler at montere stigremme med sp\u00e6ndet forneden ved stigb\u00f8jlen for at undg\u00e5 trykninger p\u00e5 hestens ryg og rytterens inderl\u00e5r. Det er ogs\u00e5 nemmere og mere sikkert at justere stigremmene, n\u00e5r de er monteret p\u00e5 denne m\u00e5de.<\/p><p>Stigremsbeskyttere kan bestilles s\u00e6rskilt.<\/p><p><div class=\"order-button content-control-container jp-cc content-control-not-accessible jp-cc-not-accessible\"><a href=\"https:\/\/cozysaddles.com\/da\/my-account\/\">Log in to order<\/a><\/div><\/p>\t\t\t\t\t\t\t\t<\/div>\n\t\t\t\t<\/div>\n\t\t\t\t\t<\/div>\n\t\t<\/div>\n\t\t\t\t<div class=\"elementor-column elementor-col-33 elementor-top-column elementor-element elementor-element-4bc5436\" data-id=\"4bc5436\" data-element_type=\"column\" data-e-type=\"column\">\n\t\t\t<div class=\"elementor-widget-wrap elementor-element-populated\">\n\t\t\t\t\t\t<div class=\"elementor-element elementor-element-fecb1be elementor-widget elementor-widget-image-gallery\" data-id=\"fecb1be\" data-element_type=\"widget\" data-e-type=\"widget\" data-widget_type=\"image-gallery.default\">\n\t\t\t\t<div class=\"elementor-widget-container\">\n\t\t\t\t\t\t\t<div class=\"elementor-image-gallery\">\n\t\t\t<div id='gallery-1' class='gallery galleryid-530 gallery-columns-1 gallery-size-medium'><figure class='gallery-item'>\n\t\t\t<div class='gallery-icon landscape'>\n\t\t\t\t<a data-elementor-open-lightbox=\"yes\" data-elementor-lightbox-slideshow=\"fecb1be\" data-elementor-lightbox-title=\"cozy-stirrup-straps-and-protectors-closed800X800\" data-e-action-hash=\"#elementor-action%3Aaction%3Dlightbox%26settings%3DeyJpZCI6NTUwLCJ1cmwiOiJodHRwczpcL1wvY296eXNhZGRsZXMuY29tXC93cC1jb250ZW50XC91cGxvYWRzXC8yMDI0XC8wMlwvY296eS1zdGlycnVwLXN0cmFwcy1hbmQtcHJvdGVjdG9ycy1jbG9zZWQ4MDBYODAwLmpwZyIsInNsaWRlc2hvdyI6ImZlY2IxYmUifQ%3D%3D\" href='https:\/\/cozysaddles.com\/wp-content\/uploads\/2024\/02\/cozy-stirrup-straps-and-protectors-closed800X800.jpg'><img decoding=\"async\" width=\"300\" height=\"300\" src=\"https:\/\/cozysaddles.com\/wp-content\/uploads\/2024\/02\/cozy-stirrup-straps-and-protectors-closed800X800-300x300.jpg\" class=\"attachment-medium size-medium\" alt=\"Stirrup strap leather with protectors\" srcset=\"https:\/\/cozysaddles.com\/wp-content\/uploads\/2024\/02\/cozy-stirrup-straps-and-protectors-closed800X800-300x300.jpg 300w, https:\/\/cozysaddles.com\/wp-content\/uploads\/2024\/02\/cozy-stirrup-straps-and-protectors-closed800X800-150x150.jpg 150w, https:\/\/cozysaddles.com\/wp-content\/uploads\/2024\/02\/cozy-stirrup-straps-and-protectors-closed800X800-768x768.jpg 768w, https:\/\/cozysaddles.com\/wp-content\/uploads\/2024\/02\/cozy-stirrup-straps-and-protectors-closed800X800-12x12.jpg 12w, https:\/\/cozysaddles.com\/wp-content\/uploads\/2024\/02\/cozy-stirrup-straps-and-protectors-closed800X800-600x600.jpg 600w, https:\/\/cozysaddles.com\/wp-content\/uploads\/2024\/02\/cozy-stirrup-straps-and-protectors-closed800X800-100x100.jpg 100w, https:\/\/cozysaddles.com\/wp-content\/uploads\/2024\/02\/cozy-stirrup-straps-and-protectors-closed800X800.jpg 800w\" sizes=\"(max-width: 300px) 100vw, 300px\" \/><\/a>\n\t\t\t<\/div><\/figure><figure class='gallery-item'>\n\t\t\t<div class='gallery-icon landscape'>\n\t\t\t\t<a data-elementor-open-lightbox=\"yes\" data-elementor-lightbox-slideshow=\"fecb1be\" data-elementor-lightbox-title=\"cozy-stirrup-straps-and-protectors800x800\" data-e-action-hash=\"#elementor-action%3Aaction%3Dlightbox%26settings%3DeyJpZCI6NTQ5LCJ1cmwiOiJodHRwczpcL1wvY296eXNhZGRsZXMuY29tXC93cC1jb250ZW50XC91cGxvYWRzXC8yMDI0XC8wMlwvY296eS1zdGlycnVwLXN0cmFwcy1hbmQtcHJvdGVjdG9yczgwMHg4MDAuanBnIiwic2xpZGVzaG93IjoiZmVjYjFiZSJ9\" href='https:\/\/cozysaddles.com\/wp-content\/uploads\/2024\/02\/cozy-stirrup-straps-and-protectors800x800.jpg'><img decoding=\"async\" width=\"300\" height=\"300\" src=\"https:\/\/cozysaddles.com\/wp-content\/uploads\/2024\/02\/cozy-stirrup-straps-and-protectors800x800-300x300.jpg\" class=\"attachment-medium size-medium\" alt=\"Stirrup strap leather with buckle protectors\" srcset=\"https:\/\/cozysaddles.com\/wp-content\/uploads\/2024\/02\/cozy-stirrup-straps-and-protectors800x800-300x300.jpg 300w, https:\/\/cozysaddles.com\/wp-content\/uploads\/2024\/02\/cozy-stirrup-straps-and-protectors800x800-150x150.jpg 150w, https:\/\/cozysaddles.com\/wp-content\/uploads\/2024\/02\/cozy-stirrup-straps-and-protectors800x800-768x768.jpg 768w, https:\/\/cozysaddles.com\/wp-content\/uploads\/2024\/02\/cozy-stirrup-straps-and-protectors800x800-12x12.jpg 12w, https:\/\/cozysaddles.com\/wp-content\/uploads\/2024\/02\/cozy-stirrup-straps-and-protectors800x800-600x600.jpg 600w, https:\/\/cozysaddles.com\/wp-content\/uploads\/2024\/02\/cozy-stirrup-straps-and-protectors800x800-100x100.jpg 100w, https:\/\/cozysaddles.com\/wp-content\/uploads\/2024\/02\/cozy-stirrup-straps-and-protectors800x800.jpg 800w\" sizes=\"(max-width: 300px) 100vw, 300px\" \/><\/a>\n\t\t\t<\/div><\/figure><figure class='gallery-item'>\n\t\t\t<div class='gallery-icon landscape'>\n\t\t\t\t<a data-elementor-open-lightbox=\"yes\" data-elementor-lightbox-slideshow=\"fecb1be\" data-elementor-lightbox-title=\"cozy-stirrup-protectors-5-800x800\" data-e-action-hash=\"#elementor-action%3Aaction%3Dlightbox%26settings%3DeyJpZCI6NTUxLCJ1cmwiOiJodHRwczpcL1wvY296eXNhZGRsZXMuY29tXC93cC1jb250ZW50XC91cGxvYWRzXC8yMDI0XC8wMlwvY296eS1zdGlycnVwLXByb3RlY3RvcnMtNS04MDB4ODAwLTEuanBnIiwic2xpZGVzaG93IjoiZmVjYjFiZSJ9\" href='https:\/\/cozysaddles.com\/wp-content\/uploads\/2024\/02\/cozy-stirrup-protectors-5-800x800-1.jpg'><img loading=\"lazy\" decoding=\"async\" width=\"300\" height=\"300\" src=\"https:\/\/cozysaddles.com\/wp-content\/uploads\/2024\/02\/cozy-stirrup-protectors-5-800x800-1-300x300.jpg\" class=\"attachment-medium size-medium\" alt=\"Buckle protectors for stirrup strap leathers\" srcset=\"https:\/\/cozysaddles.com\/wp-content\/uploads\/2024\/02\/cozy-stirrup-protectors-5-800x800-1-300x300.jpg 300w, https:\/\/cozysaddles.com\/wp-content\/uploads\/2024\/02\/cozy-stirrup-protectors-5-800x800-1-150x150.jpg 150w, https:\/\/cozysaddles.com\/wp-content\/uploads\/2024\/02\/cozy-stirrup-protectors-5-800x800-1-768x768.jpg 768w, https:\/\/cozysaddles.com\/wp-content\/uploads\/2024\/02\/cozy-stirrup-protectors-5-800x800-1-12x12.jpg 12w, https:\/\/cozysaddles.com\/wp-content\/uploads\/2024\/02\/cozy-stirrup-protectors-5-800x800-1-600x600.jpg 600w, https:\/\/cozysaddles.com\/wp-content\/uploads\/2024\/02\/cozy-stirrup-protectors-5-800x800-1-100x100.jpg 100w, https:\/\/cozysaddles.com\/wp-content\/uploads\/2024\/02\/cozy-stirrup-protectors-5-800x800-1.jpg 800w\" sizes=\"(max-width: 300px) 100vw, 300px\" \/><\/a>\n\t\t\t<\/div><\/figure>\n\t\t<\/div>\n\t\t<\/div>\n\t\t\t\t\t\t<\/div>\n\t\t\t\t<\/div>\n\t\t\t\t\t<\/div>\n\t\t<\/div>\n\t\t\t\t\t<\/div>\n\t\t<\/section>\n\t\t\t\t<\/div>","protected":false},"excerpt":{"rendered":"<p>These stirrup straps has an nylon core to avoid strechting and is covered with calf leather. The come with at buckle cover that protects against pinching at scratching when using the straps with the buckle in the bottom. We recommend to using stirrup straps with the buckle in the bottom to avoid pressure from the [&hellip;]<\/p>\n","protected":false},"author":1,"featured_media":550,"parent":108,"menu_order":9,"comment_status":"closed","ping_status":"closed","template":"","meta":{"footnotes":""},"class_list":["post-530","page","type-page","status-publish","has-post-thumbnail","hentry"],"yoast_head":"<!-- This site is optimized with the Yoast SEO plugin v27.4 - https:\/\/yoast.com\/product\/yoast-seo-wordpress\/ -->\n<title>Cozy stirrup straps with stirrup protectors - Cozy<\/title>\n<meta name=\"description\" content=\"Stirrup strap leathers with nylon core to avoid stretching. They come with at buckle cover that protects against pinching at scratching.\" \/>\n<meta name=\"robots\" content=\"noindex, follow, max-snippet:-1, max-image-preview:large, max-video-preview:-1\" \/>\n<meta property=\"og:locale\" content=\"da_DK\" \/>\n<meta property=\"og:type\" content=\"article\" \/>\n<meta property=\"og:title\" content=\"Cozy stirrup straps with stirrup protectors - Cozy\" \/>\n<meta property=\"og:description\" content=\"Stirrup strap leathers with nylon core to avoid stretching. They come with at buckle cover that protects against pinching at scratching.\" \/>\n<meta property=\"og:url\" content=\"https:\/\/cozysaddles.com\/da\/products\/cozy-stirrup-straps-with-stirrup-protectors\/\" \/>\n<meta property=\"og:site_name\" content=\"Cozy\" \/>\n<meta property=\"article:modified_time\" content=\"2024-02-15T12:38:02+00:00\" \/>\n<meta property=\"og:image\" content=\"https:\/\/cozysaddles.com\/wp-content\/uploads\/2024\/02\/cozy-stirrup-straps-and-protectors-closed800X800.jpg\" \/>\n\t<meta property=\"og:image:width\" content=\"800\" \/>\n\t<meta property=\"og:image:height\" content=\"800\" \/>\n\t<meta property=\"og:image:type\" content=\"image\/jpeg\" \/>\n<meta name=\"twitter:card\" content=\"summary_large_image\" \/>\n<meta name=\"twitter:label1\" content=\"Estimeret l\u00e6setid\" \/>\n\t<meta name=\"twitter:data1\" content=\"2 minutter\" \/>\n<script type=\"application\/ld+json\" class=\"yoast-schema-graph\">{\"@context\":\"https:\\\/\\\/schema.org\",\"@graph\":[{\"@type\":\"WebPage\",\"@id\":\"https:\\\/\\\/cozysaddles.com\\\/products\\\/cozy-stirrup-straps-with-stirrup-protectors\\\/\",\"url\":\"https:\\\/\\\/cozysaddles.com\\\/products\\\/cozy-stirrup-straps-with-stirrup-protectors\\\/\",\"name\":\"Cozy stirrup straps with stirrup protectors - Cozy\",\"isPartOf\":{\"@id\":\"https:\\\/\\\/cozysaddles.com\\\/#website\"},\"primaryImageOfPage\":{\"@id\":\"https:\\\/\\\/cozysaddles.com\\\/products\\\/cozy-stirrup-straps-with-stirrup-protectors\\\/#primaryimage\"},\"image\":{\"@id\":\"https:\\\/\\\/cozysaddles.com\\\/products\\\/cozy-stirrup-straps-with-stirrup-protectors\\\/#primaryimage\"},\"thumbnailUrl\":\"https:\\\/\\\/cozysaddles.com\\\/wp-content\\\/uploads\\\/2024\\\/02\\\/cozy-stirrup-straps-and-protectors-closed800X800.jpg\",\"datePublished\":\"2024-02-15T11:45:52+00:00\",\"dateModified\":\"2024-02-15T12:38:02+00:00\",\"description\":\"Stirrup strap leathers with nylon core to avoid stretching. They come with at buckle cover that protects against pinching at scratching.\",\"breadcrumb\":{\"@id\":\"https:\\\/\\\/cozysaddles.com\\\/products\\\/cozy-stirrup-straps-with-stirrup-protectors\\\/#breadcrumb\"},\"inLanguage\":\"da-DK\",\"potentialAction\":[{\"@type\":\"ReadAction\",\"target\":[\"https:\\\/\\\/cozysaddles.com\\\/products\\\/cozy-stirrup-straps-with-stirrup-protectors\\\/\"]}]},{\"@type\":\"ImageObject\",\"inLanguage\":\"da-DK\",\"@id\":\"https:\\\/\\\/cozysaddles.com\\\/products\\\/cozy-stirrup-straps-with-stirrup-protectors\\\/#primaryimage\",\"url\":\"https:\\\/\\\/cozysaddles.com\\\/wp-content\\\/uploads\\\/2024\\\/02\\\/cozy-stirrup-straps-and-protectors-closed800X800.jpg\",\"contentUrl\":\"https:\\\/\\\/cozysaddles.com\\\/wp-content\\\/uploads\\\/2024\\\/02\\\/cozy-stirrup-straps-and-protectors-closed800X800.jpg\",\"width\":800,\"height\":800,\"caption\":\"Stirrup strap leather with protectors\"},{\"@type\":\"BreadcrumbList\",\"@id\":\"https:\\\/\\\/cozysaddles.com\\\/products\\\/cozy-stirrup-straps-with-stirrup-protectors\\\/#breadcrumb\",\"itemListElement\":[{\"@type\":\"ListItem\",\"position\":1,\"name\":\"Home\",\"item\":\"https:\\\/\\\/cozysaddles.com\\\/\"},{\"@type\":\"ListItem\",\"position\":2,\"name\":\"Products\",\"item\":\"https:\\\/\\\/cozysaddles.com\\\/products\\\/\"},{\"@type\":\"ListItem\",\"position\":3,\"name\":\"Cozy stirrup straps with stirrup protectors\"}]},{\"@type\":\"WebSite\",\"@id\":\"https:\\\/\\\/cozysaddles.com\\\/#website\",\"url\":\"https:\\\/\\\/cozysaddles.com\\\/\",\"name\":\"Cozy\",\"description\":\"Easy, simple and affordable\",\"publisher\":{\"@id\":\"https:\\\/\\\/cozysaddles.com\\\/#organization\"},\"potentialAction\":[{\"@type\":\"SearchAction\",\"target\":{\"@type\":\"EntryPoint\",\"urlTemplate\":\"https:\\\/\\\/cozysaddles.com\\\/?s={search_term_string}\"},\"query-input\":{\"@type\":\"PropertyValueSpecification\",\"valueRequired\":true,\"valueName\":\"search_term_string\"}}],\"inLanguage\":\"da-DK\"},{\"@type\":\"Organization\",\"@id\":\"https:\\\/\\\/cozysaddles.com\\\/#organization\",\"name\":\"Cozy\",\"url\":\"https:\\\/\\\/cozysaddles.com\\\/\",\"logo\":{\"@type\":\"ImageObject\",\"inLanguage\":\"da-DK\",\"@id\":\"https:\\\/\\\/cozysaddles.com\\\/#\\\/schema\\\/logo\\\/image\\\/\",\"url\":\"https:\\\/\\\/cozysaddles.com\\\/wp-content\\\/uploads\\\/2024\\\/04\\\/cozy-logo-310.png\",\"contentUrl\":\"https:\\\/\\\/cozysaddles.com\\\/wp-content\\\/uploads\\\/2024\\\/04\\\/cozy-logo-310.png\",\"width\":310,\"height\":139,\"caption\":\"Cozy\"},\"image\":{\"@id\":\"https:\\\/\\\/cozysaddles.com\\\/#\\\/schema\\\/logo\\\/image\\\/\"}}]}<\/script>\n<!-- \/ Yoast SEO plugin. -->","yoast_head_json":{"title":"Cozy stirrup straps with stirrup protectors - Cozy","description":"Stirrup strap leathers with nylon core to avoid stretching. They come with at buckle cover that protects against pinching at scratching.","robots":{"index":"noindex","follow":"follow","max-snippet":"max-snippet:-1","max-image-preview":"max-image-preview:large","max-video-preview":"max-video-preview:-1"},"og_locale":"da_DK","og_type":"article","og_title":"Cozy stirrup straps with stirrup protectors - Cozy","og_description":"Stirrup strap leathers with nylon core to avoid stretching. They come with at buckle cover that protects against pinching at scratching.","og_url":"https:\/\/cozysaddles.com\/da\/products\/cozy-stirrup-straps-with-stirrup-protectors\/","og_site_name":"Cozy","article_modified_time":"2024-02-15T12:38:02+00:00","og_image":[{"width":800,"height":800,"url":"https:\/\/cozysaddles.com\/wp-content\/uploads\/2024\/02\/cozy-stirrup-straps-and-protectors-closed800X800.jpg","type":"image\/jpeg"}],"twitter_card":"summary_large_image","twitter_misc":{"Estimeret l\u00e6setid":"2 minutter"},"schema":{"@context":"https:\/\/schema.org","@graph":[{"@type":"WebPage","@id":"https:\/\/cozysaddles.com\/products\/cozy-stirrup-straps-with-stirrup-protectors\/","url":"https:\/\/cozysaddles.com\/products\/cozy-stirrup-straps-with-stirrup-protectors\/","name":"Cozy stirrup straps with stirrup protectors - Cozy","isPartOf":{"@id":"https:\/\/cozysaddles.com\/#website"},"primaryImageOfPage":{"@id":"https:\/\/cozysaddles.com\/products\/cozy-stirrup-straps-with-stirrup-protectors\/#primaryimage"},"image":{"@id":"https:\/\/cozysaddles.com\/products\/cozy-stirrup-straps-with-stirrup-protectors\/#primaryimage"},"thumbnailUrl":"https:\/\/cozysaddles.com\/wp-content\/uploads\/2024\/02\/cozy-stirrup-straps-and-protectors-closed800X800.jpg","datePublished":"2024-02-15T11:45:52+00:00","dateModified":"2024-02-15T12:38:02+00:00","description":"Stirrup strap leathers with nylon core to avoid stretching. They come with at buckle cover that protects against pinching at scratching.","breadcrumb":{"@id":"https:\/\/cozysaddles.com\/products\/cozy-stirrup-straps-with-stirrup-protectors\/#breadcrumb"},"inLanguage":"da-DK","potentialAction":[{"@type":"ReadAction","target":["https:\/\/cozysaddles.com\/products\/cozy-stirrup-straps-with-stirrup-protectors\/"]}]},{"@type":"ImageObject","inLanguage":"da-DK","@id":"https:\/\/cozysaddles.com\/products\/cozy-stirrup-straps-with-stirrup-protectors\/#primaryimage","url":"https:\/\/cozysaddles.com\/wp-content\/uploads\/2024\/02\/cozy-stirrup-straps-and-protectors-closed800X800.jpg","contentUrl":"https:\/\/cozysaddles.com\/wp-content\/uploads\/2024\/02\/cozy-stirrup-straps-and-protectors-closed800X800.jpg","width":800,"height":800,"caption":"Stirrup strap leather with protectors"},{"@type":"BreadcrumbList","@id":"https:\/\/cozysaddles.com\/products\/cozy-stirrup-straps-with-stirrup-protectors\/#breadcrumb","itemListElement":[{"@type":"ListItem","position":1,"name":"Home","item":"https:\/\/cozysaddles.com\/"},{"@type":"ListItem","position":2,"name":"Products","item":"https:\/\/cozysaddles.com\/products\/"},{"@type":"ListItem","position":3,"name":"Cozy stirrup straps with stirrup protectors"}]},{"@type":"WebSite","@id":"https:\/\/cozysaddles.com\/#website","url":"https:\/\/cozysaddles.com\/","name":"Cozy","description":"Easy, simple and affordable","publisher":{"@id":"https:\/\/cozysaddles.com\/#organization"},"potentialAction":[{"@type":"SearchAction","target":{"@type":"EntryPoint","urlTemplate":"https:\/\/cozysaddles.com\/?s={search_term_string}"},"query-input":{"@type":"PropertyValueSpecification","valueRequired":true,"valueName":"search_term_string"}}],"inLanguage":"da-DK"},{"@type":"Organization","@id":"https:\/\/cozysaddles.com\/#organization","name":"Cozy","url":"https:\/\/cozysaddles.com\/","logo":{"@type":"ImageObject","inLanguage":"da-DK","@id":"https:\/\/cozysaddles.com\/#\/schema\/logo\/image\/","url":"https:\/\/cozysaddles.com\/wp-content\/uploads\/2024\/04\/cozy-logo-310.png","contentUrl":"https:\/\/cozysaddles.com\/wp-content\/uploads\/2024\/04\/cozy-logo-310.png","width":310,"height":139,"caption":"Cozy"},"image":{"@id":"https:\/\/cozysaddles.com\/#\/schema\/logo\/image\/"}}]}},"_links":{"self":[{"href":"https:\/\/cozysaddles.com\/da\/wp-json\/wp\/v2\/pages\/530","targetHints":{"allow":["GET"]}}],"collection":[{"href":"https:\/\/cozysaddles.com\/da\/wp-json\/wp\/v2\/pages"}],"about":[{"href":"https:\/\/cozysaddles.com\/da\/wp-json\/wp\/v2\/types\/page"}],"author":[{"embeddable":true,"href":"https:\/\/cozysaddles.com\/da\/wp-json\/wp\/v2\/users\/1"}],"replies":[{"embeddable":true,"href":"https:\/\/cozysaddles.com\/da\/wp-json\/wp\/v2\/comments?post=530"}],"version-history":[{"count":0,"href":"https:\/\/cozysaddles.com\/da\/wp-json\/wp\/v2\/pages\/530\/revisions"}],"up":[{"embeddable":true,"href":"https:\/\/cozysaddles.com\/da\/wp-json\/wp\/v2\/pages\/108"}],"wp:featuredmedia":[{"embeddable":true,"href":"https:\/\/cozysaddles.com\/da\/wp-json\/wp\/v2\/media\/550"}],"wp:attachment":[{"href":"https:\/\/cozysaddles.com\/da\/wp-json\/wp\/v2\/media?parent=530"}],"curies":[{"name":"wp","href":"https:\/\/api.w.org\/{rel}","templated":true}]}}