{"id":557,"date":"2024-02-15T12:32:34","date_gmt":"2024-02-15T12:32:34","guid":{"rendered":"http:\/\/167.235.1.82\/~hobbyhes\/cozysaddles\/?page_id=557"},"modified":"2024-02-15T12:39:20","modified_gmt":"2024-02-15T12:39:20","slug":"cozy-safety-stirrup-with-cage","status":"publish","type":"page","link":"https:\/\/cozysaddles.com\/da\/products\/cozy-safety-stirrup-with-cage\/","title":{"rendered":"Cozy sikkerhedsstigb\u00f8jle med bur"},"content":{"rendered":"<div data-elementor-type=\"wp-page\" data-elementor-id=\"557\" class=\"elementor elementor-557\" data-elementor-post-type=\"page\">\n\t\t\t\t\t\t<section class=\"elementor-section elementor-top-section elementor-element elementor-element-f9c72af elementor-section-boxed elementor-section-height-default elementor-section-height-default\" data-id=\"f9c72af\" data-element_type=\"section\" data-e-type=\"section\">\n\t\t\t\t\t\t<div class=\"elementor-container elementor-column-gap-default\">\n\t\t\t\t\t<div class=\"elementor-column elementor-col-66 elementor-top-column elementor-element elementor-element-6985d91\" data-id=\"6985d91\" data-element_type=\"column\" data-e-type=\"column\">\n\t\t\t<div class=\"elementor-widget-wrap elementor-element-populated\">\n\t\t\t\t\t\t<div class=\"elementor-element elementor-element-afda847 elementor-hidden-desktop elementor-hidden-tablet elementor-widget elementor-widget-image\" data-id=\"afda847\" data-element_type=\"widget\" data-e-type=\"widget\" data-widget_type=\"image.default\">\n\t\t\t\t<div class=\"elementor-widget-container\">\n\t\t\t\t\t\t\t\t\t\t\t\t\t\t\t<img fetchpriority=\"high\" decoding=\"async\" width=\"600\" height=\"600\" src=\"https:\/\/cozysaddles.com\/wp-content\/uploads\/2024\/02\/cozy-safety-stirrup-with-cage-endurance.jpg\" class=\"attachment-full size-full wp-image-561\" alt=\"Safety stirrups with cage in pair - suitable for trekking and endurance riding\" srcset=\"https:\/\/cozysaddles.com\/wp-content\/uploads\/2024\/02\/cozy-safety-stirrup-with-cage-endurance.jpg 600w, https:\/\/cozysaddles.com\/wp-content\/uploads\/2024\/02\/cozy-safety-stirrup-with-cage-endurance-300x300.jpg 300w, https:\/\/cozysaddles.com\/wp-content\/uploads\/2024\/02\/cozy-safety-stirrup-with-cage-endurance-150x150.jpg 150w, https:\/\/cozysaddles.com\/wp-content\/uploads\/2024\/02\/cozy-safety-stirrup-with-cage-endurance-12x12.jpg 12w, https:\/\/cozysaddles.com\/wp-content\/uploads\/2024\/02\/cozy-safety-stirrup-with-cage-endurance-100x100.jpg 100w\" sizes=\"(max-width: 600px) 100vw, 600px\" \/>\t\t\t\t\t\t\t\t\t\t\t\t\t\t\t<\/div>\n\t\t\t\t<\/div>\n\t\t\t\t<div class=\"elementor-element elementor-element-527fcf2 elementor-widget elementor-widget-text-editor\" data-id=\"527fcf2\" data-element_type=\"widget\" data-e-type=\"widget\" data-widget_type=\"text-editor.default\">\n\t\t\t\t<div class=\"elementor-widget-container\">\n\t\t\t\t\t\t\t\t\t<p>Stigb\u00f8jler udf\u00f8rt i aluminium med fleksibelt st\u00e6rkt nylonbur, der forhindrer foden i at side fast eller glide igennem stigb\u00f8jlen. De har en medium bred tr\u00e6deflade, som g\u00f8r dem behagelige og sikre.<\/p><p>Disse stigb\u00f8jler er velegnede til l\u00e6ngere rideture, distanceridning og til uerfarne ryttere.<\/p><p>Stigb\u00f8jlerne passer sammen med almindelige stigremme eller <a href=\"https:\/\/cozysaddles.com\/da\/products\/cozy-stirrup-straps-with-stirrup-protectors\/\">Cozy stigremme med stigremsbeskytter<\/a>.<\/p><p><div class=\"order-button content-control-container jp-cc content-control-not-accessible jp-cc-not-accessible\"><a href=\"https:\/\/cozysaddles.com\/da\/my-account\/\">Log in to order<\/a><\/div><\/p>\t\t\t\t\t\t\t\t<\/div>\n\t\t\t\t<\/div>\n\t\t\t\t\t<\/div>\n\t\t<\/div>\n\t\t\t\t<div class=\"elementor-column elementor-col-33 elementor-top-column elementor-element elementor-element-9e09a6c\" data-id=\"9e09a6c\" data-element_type=\"column\" data-e-type=\"column\">\n\t\t\t<div class=\"elementor-widget-wrap elementor-element-populated\">\n\t\t\t\t\t\t<div class=\"elementor-element elementor-element-211525d elementor-widget elementor-widget-image-gallery\" data-id=\"211525d\" data-element_type=\"widget\" data-e-type=\"widget\" data-widget_type=\"image-gallery.default\">\n\t\t\t\t<div class=\"elementor-widget-container\">\n\t\t\t\t\t\t\t<div class=\"elementor-image-gallery\">\n\t\t\t<div id='gallery-1' class='gallery galleryid-557 gallery-columns-1 gallery-size-medium'><figure class='gallery-item'>\n\t\t\t<div class='gallery-icon landscape'>\n\t\t\t\t<a data-elementor-open-lightbox=\"yes\" data-elementor-lightbox-slideshow=\"211525d\" data-elementor-lightbox-title=\"cozy-safety-stirrup-with-cage-endurance\" data-e-action-hash=\"#elementor-action%3Aaction%3Dlightbox%26settings%3DeyJpZCI6NTYxLCJ1cmwiOiJodHRwczpcL1wvY296eXNhZGRsZXMuY29tXC93cC1jb250ZW50XC91cGxvYWRzXC8yMDI0XC8wMlwvY296eS1zYWZldHktc3RpcnJ1cC13aXRoLWNhZ2UtZW5kdXJhbmNlLmpwZyIsInNsaWRlc2hvdyI6IjIxMTUyNWQifQ%3D%3D\" href='https:\/\/cozysaddles.com\/wp-content\/uploads\/2024\/02\/cozy-safety-stirrup-with-cage-endurance.jpg'><img decoding=\"async\" width=\"300\" height=\"300\" src=\"https:\/\/cozysaddles.com\/wp-content\/uploads\/2024\/02\/cozy-safety-stirrup-with-cage-endurance-300x300.jpg\" class=\"attachment-medium size-medium\" alt=\"Safety stirrups with cage in pair - suitable for trekking and endurance riding\" srcset=\"https:\/\/cozysaddles.com\/wp-content\/uploads\/2024\/02\/cozy-safety-stirrup-with-cage-endurance-300x300.jpg 300w, https:\/\/cozysaddles.com\/wp-content\/uploads\/2024\/02\/cozy-safety-stirrup-with-cage-endurance-150x150.jpg 150w, https:\/\/cozysaddles.com\/wp-content\/uploads\/2024\/02\/cozy-safety-stirrup-with-cage-endurance-12x12.jpg 12w, https:\/\/cozysaddles.com\/wp-content\/uploads\/2024\/02\/cozy-safety-stirrup-with-cage-endurance-100x100.jpg 100w, https:\/\/cozysaddles.com\/wp-content\/uploads\/2024\/02\/cozy-safety-stirrup-with-cage-endurance.jpg 600w\" sizes=\"(max-width: 300px) 100vw, 300px\" \/><\/a>\n\t\t\t<\/div><\/figure><figure class='gallery-item'>\n\t\t\t<div class='gallery-icon landscape'>\n\t\t\t\t<a data-elementor-open-lightbox=\"yes\" data-elementor-lightbox-slideshow=\"211525d\" data-elementor-lightbox-title=\"cozy-safety-stirrup-with-cage-endurance-side\" data-e-action-hash=\"#elementor-action%3Aaction%3Dlightbox%26settings%3DeyJpZCI6NTY0LCJ1cmwiOiJodHRwczpcL1wvY296eXNhZGRsZXMuY29tXC93cC1jb250ZW50XC91cGxvYWRzXC8yMDI0XC8wMlwvY296eS1zYWZldHktc3RpcnJ1cC13aXRoLWNhZ2UtZW5kdXJhbmNlLXNpZGUuanBnIiwic2xpZGVzaG93IjoiMjExNTI1ZCJ9\" href='https:\/\/cozysaddles.com\/wp-content\/uploads\/2024\/02\/cozy-safety-stirrup-with-cage-endurance-side.jpg'><img decoding=\"async\" width=\"300\" height=\"300\" src=\"https:\/\/cozysaddles.com\/wp-content\/uploads\/2024\/02\/cozy-safety-stirrup-with-cage-endurance-side-300x300.jpg\" class=\"attachment-medium size-medium\" alt=\"Safety stirrups with cage viewed from side - suitable for trekking and endurance riding\" srcset=\"https:\/\/cozysaddles.com\/wp-content\/uploads\/2024\/02\/cozy-safety-stirrup-with-cage-endurance-side-300x300.jpg 300w, https:\/\/cozysaddles.com\/wp-content\/uploads\/2024\/02\/cozy-safety-stirrup-with-cage-endurance-side-150x150.jpg 150w, https:\/\/cozysaddles.com\/wp-content\/uploads\/2024\/02\/cozy-safety-stirrup-with-cage-endurance-side-12x12.jpg 12w, https:\/\/cozysaddles.com\/wp-content\/uploads\/2024\/02\/cozy-safety-stirrup-with-cage-endurance-side-100x100.jpg 100w, https:\/\/cozysaddles.com\/wp-content\/uploads\/2024\/02\/cozy-safety-stirrup-with-cage-endurance-side.jpg 600w\" sizes=\"(max-width: 300px) 100vw, 300px\" \/><\/a>\n\t\t\t<\/div><\/figure><figure class='gallery-item'>\n\t\t\t<div class='gallery-icon landscape'>\n\t\t\t\t<a data-elementor-open-lightbox=\"yes\" data-elementor-lightbox-slideshow=\"211525d\" data-elementor-lightbox-title=\"cozy-safety-stirrup-with-cage-endurance-backside\" data-e-action-hash=\"#elementor-action%3Aaction%3Dlightbox%26settings%3DeyJpZCI6NTYzLCJ1cmwiOiJodHRwczpcL1wvY296eXNhZGRsZXMuY29tXC93cC1jb250ZW50XC91cGxvYWRzXC8yMDI0XC8wMlwvY296eS1zYWZldHktc3RpcnJ1cC13aXRoLWNhZ2UtZW5kdXJhbmNlLWJhY2tzaWRlLmpwZyIsInNsaWRlc2hvdyI6IjIxMTUyNWQifQ%3D%3D\" href='https:\/\/cozysaddles.com\/wp-content\/uploads\/2024\/02\/cozy-safety-stirrup-with-cage-endurance-backside.jpg'><img loading=\"lazy\" decoding=\"async\" width=\"300\" height=\"300\" src=\"https:\/\/cozysaddles.com\/wp-content\/uploads\/2024\/02\/cozy-safety-stirrup-with-cage-endurance-backside-300x300.jpg\" class=\"attachment-medium size-medium\" alt=\"Safety stirrups with cage viewed from back - suitable for trekking and endurance riding\" srcset=\"https:\/\/cozysaddles.com\/wp-content\/uploads\/2024\/02\/cozy-safety-stirrup-with-cage-endurance-backside-300x300.jpg 300w, https:\/\/cozysaddles.com\/wp-content\/uploads\/2024\/02\/cozy-safety-stirrup-with-cage-endurance-backside-150x150.jpg 150w, https:\/\/cozysaddles.com\/wp-content\/uploads\/2024\/02\/cozy-safety-stirrup-with-cage-endurance-backside-12x12.jpg 12w, https:\/\/cozysaddles.com\/wp-content\/uploads\/2024\/02\/cozy-safety-stirrup-with-cage-endurance-backside-100x100.jpg 100w, https:\/\/cozysaddles.com\/wp-content\/uploads\/2024\/02\/cozy-safety-stirrup-with-cage-endurance-backside.jpg 600w\" sizes=\"(max-width: 300px) 100vw, 300px\" \/><\/a>\n\t\t\t<\/div><\/figure>\n\t\t<\/div>\n\t\t<\/div>\n\t\t\t\t\t\t<\/div>\n\t\t\t\t<\/div>\n\t\t\t\t\t<\/div>\n\t\t<\/div>\n\t\t\t\t\t<\/div>\n\t\t<\/section>\n\t\t\t\t<\/div>","protected":false},"excerpt":{"rendered":"<p>Aluminum stirrups with durable flexible nylon cage that prevent the foot to be jammed og slipping through the stirrup. They have a medium wide treading surface, which make them safe and comfortable. These stirrups are suited for long trail rides, endurance riding and for inexperienced riders. The stirrups fits with standard english stirrup staps or [&hellip;]<\/p>\n","protected":false},"author":1,"featured_media":561,"parent":108,"menu_order":11,"comment_status":"closed","ping_status":"closed","template":"","meta":{"footnotes":""},"class_list":["post-557","page","type-page","status-publish","has-post-thumbnail","hentry"],"yoast_head":"<!-- This site is optimized with the Yoast SEO plugin v27.4 - https:\/\/yoast.com\/product\/yoast-seo-wordpress\/ -->\n<title>Cozy safety stirrup with cage - Cozy<\/title>\n<meta name=\"description\" content=\"Aluminum stirrups with durable flexible nylon cage. Suitable for long trail rides, endurance riding and for inexperienced riders.\" \/>\n<meta name=\"robots\" content=\"noindex, follow, max-snippet:-1, max-image-preview:large, max-video-preview:-1\" \/>\n<meta property=\"og:locale\" content=\"da_DK\" \/>\n<meta property=\"og:type\" content=\"article\" \/>\n<meta property=\"og:title\" content=\"Cozy safety stirrup with cage - Cozy\" \/>\n<meta property=\"og:description\" content=\"Aluminum stirrups with durable flexible nylon cage. Suitable for long trail rides, endurance riding and for inexperienced riders.\" \/>\n<meta property=\"og:url\" content=\"https:\/\/cozysaddles.com\/da\/products\/cozy-safety-stirrup-with-cage\/\" \/>\n<meta property=\"og:site_name\" content=\"Cozy\" \/>\n<meta property=\"article:modified_time\" content=\"2024-02-15T12:39:20+00:00\" \/>\n<meta property=\"og:image\" content=\"https:\/\/cozysaddles.com\/wp-content\/uploads\/2024\/02\/cozy-safety-stirrup-with-cage-endurance.jpg\" \/>\n\t<meta property=\"og:image:width\" content=\"600\" \/>\n\t<meta property=\"og:image:height\" content=\"600\" \/>\n\t<meta property=\"og:image:type\" content=\"image\/jpeg\" \/>\n<meta name=\"twitter:card\" content=\"summary_large_image\" \/>\n<meta name=\"twitter:label1\" content=\"Estimeret l\u00e6setid\" \/>\n\t<meta name=\"twitter:data1\" content=\"2 minutter\" \/>\n<script type=\"application\/ld+json\" class=\"yoast-schema-graph\">{\"@context\":\"https:\\\/\\\/schema.org\",\"@graph\":[{\"@type\":\"WebPage\",\"@id\":\"https:\\\/\\\/cozysaddles.com\\\/products\\\/cozy-safety-stirrup-with-cage\\\/\",\"url\":\"https:\\\/\\\/cozysaddles.com\\\/products\\\/cozy-safety-stirrup-with-cage\\\/\",\"name\":\"Cozy safety stirrup with cage - Cozy\",\"isPartOf\":{\"@id\":\"https:\\\/\\\/cozysaddles.com\\\/#website\"},\"primaryImageOfPage\":{\"@id\":\"https:\\\/\\\/cozysaddles.com\\\/products\\\/cozy-safety-stirrup-with-cage\\\/#primaryimage\"},\"image\":{\"@id\":\"https:\\\/\\\/cozysaddles.com\\\/products\\\/cozy-safety-stirrup-with-cage\\\/#primaryimage\"},\"thumbnailUrl\":\"https:\\\/\\\/cozysaddles.com\\\/wp-content\\\/uploads\\\/2024\\\/02\\\/cozy-safety-stirrup-with-cage-endurance.jpg\",\"datePublished\":\"2024-02-15T12:32:34+00:00\",\"dateModified\":\"2024-02-15T12:39:20+00:00\",\"description\":\"Aluminum stirrups with durable flexible nylon cage. Suitable for long trail rides, endurance riding and for inexperienced riders.\",\"breadcrumb\":{\"@id\":\"https:\\\/\\\/cozysaddles.com\\\/products\\\/cozy-safety-stirrup-with-cage\\\/#breadcrumb\"},\"inLanguage\":\"da-DK\",\"potentialAction\":[{\"@type\":\"ReadAction\",\"target\":[\"https:\\\/\\\/cozysaddles.com\\\/products\\\/cozy-safety-stirrup-with-cage\\\/\"]}]},{\"@type\":\"ImageObject\",\"inLanguage\":\"da-DK\",\"@id\":\"https:\\\/\\\/cozysaddles.com\\\/products\\\/cozy-safety-stirrup-with-cage\\\/#primaryimage\",\"url\":\"https:\\\/\\\/cozysaddles.com\\\/wp-content\\\/uploads\\\/2024\\\/02\\\/cozy-safety-stirrup-with-cage-endurance.jpg\",\"contentUrl\":\"https:\\\/\\\/cozysaddles.com\\\/wp-content\\\/uploads\\\/2024\\\/02\\\/cozy-safety-stirrup-with-cage-endurance.jpg\",\"width\":600,\"height\":600,\"caption\":\"Safety stirrups with cage in pair - suitable for trekking and endurance riding\"},{\"@type\":\"BreadcrumbList\",\"@id\":\"https:\\\/\\\/cozysaddles.com\\\/products\\\/cozy-safety-stirrup-with-cage\\\/#breadcrumb\",\"itemListElement\":[{\"@type\":\"ListItem\",\"position\":1,\"name\":\"Home\",\"item\":\"https:\\\/\\\/cozysaddles.com\\\/\"},{\"@type\":\"ListItem\",\"position\":2,\"name\":\"Products\",\"item\":\"https:\\\/\\\/cozysaddles.com\\\/products\\\/\"},{\"@type\":\"ListItem\",\"position\":3,\"name\":\"Cozy safety stirrup with cage\"}]},{\"@type\":\"WebSite\",\"@id\":\"https:\\\/\\\/cozysaddles.com\\\/#website\",\"url\":\"https:\\\/\\\/cozysaddles.com\\\/\",\"name\":\"Cozy\",\"description\":\"Easy, simple and affordable\",\"publisher\":{\"@id\":\"https:\\\/\\\/cozysaddles.com\\\/#organization\"},\"potentialAction\":[{\"@type\":\"SearchAction\",\"target\":{\"@type\":\"EntryPoint\",\"urlTemplate\":\"https:\\\/\\\/cozysaddles.com\\\/?s={search_term_string}\"},\"query-input\":{\"@type\":\"PropertyValueSpecification\",\"valueRequired\":true,\"valueName\":\"search_term_string\"}}],\"inLanguage\":\"da-DK\"},{\"@type\":\"Organization\",\"@id\":\"https:\\\/\\\/cozysaddles.com\\\/#organization\",\"name\":\"Cozy\",\"url\":\"https:\\\/\\\/cozysaddles.com\\\/\",\"logo\":{\"@type\":\"ImageObject\",\"inLanguage\":\"da-DK\",\"@id\":\"https:\\\/\\\/cozysaddles.com\\\/#\\\/schema\\\/logo\\\/image\\\/\",\"url\":\"https:\\\/\\\/cozysaddles.com\\\/wp-content\\\/uploads\\\/2024\\\/04\\\/cozy-logo-310.png\",\"contentUrl\":\"https:\\\/\\\/cozysaddles.com\\\/wp-content\\\/uploads\\\/2024\\\/04\\\/cozy-logo-310.png\",\"width\":310,\"height\":139,\"caption\":\"Cozy\"},\"image\":{\"@id\":\"https:\\\/\\\/cozysaddles.com\\\/#\\\/schema\\\/logo\\\/image\\\/\"}}]}<\/script>\n<!-- \/ Yoast SEO plugin. -->","yoast_head_json":{"title":"Cozy safety stirrup with cage - Cozy","description":"Aluminum stirrups with durable flexible nylon cage. Suitable for long trail rides, endurance riding and for inexperienced riders.","robots":{"index":"noindex","follow":"follow","max-snippet":"max-snippet:-1","max-image-preview":"max-image-preview:large","max-video-preview":"max-video-preview:-1"},"og_locale":"da_DK","og_type":"article","og_title":"Cozy safety stirrup with cage - Cozy","og_description":"Aluminum stirrups with durable flexible nylon cage. Suitable for long trail rides, endurance riding and for inexperienced riders.","og_url":"https:\/\/cozysaddles.com\/da\/products\/cozy-safety-stirrup-with-cage\/","og_site_name":"Cozy","article_modified_time":"2024-02-15T12:39:20+00:00","og_image":[{"width":600,"height":600,"url":"https:\/\/cozysaddles.com\/wp-content\/uploads\/2024\/02\/cozy-safety-stirrup-with-cage-endurance.jpg","type":"image\/jpeg"}],"twitter_card":"summary_large_image","twitter_misc":{"Estimeret l\u00e6setid":"2 minutter"},"schema":{"@context":"https:\/\/schema.org","@graph":[{"@type":"WebPage","@id":"https:\/\/cozysaddles.com\/products\/cozy-safety-stirrup-with-cage\/","url":"https:\/\/cozysaddles.com\/products\/cozy-safety-stirrup-with-cage\/","name":"Cozy safety stirrup with cage - Cozy","isPartOf":{"@id":"https:\/\/cozysaddles.com\/#website"},"primaryImageOfPage":{"@id":"https:\/\/cozysaddles.com\/products\/cozy-safety-stirrup-with-cage\/#primaryimage"},"image":{"@id":"https:\/\/cozysaddles.com\/products\/cozy-safety-stirrup-with-cage\/#primaryimage"},"thumbnailUrl":"https:\/\/cozysaddles.com\/wp-content\/uploads\/2024\/02\/cozy-safety-stirrup-with-cage-endurance.jpg","datePublished":"2024-02-15T12:32:34+00:00","dateModified":"2024-02-15T12:39:20+00:00","description":"Aluminum stirrups with durable flexible nylon cage. Suitable for long trail rides, endurance riding and for inexperienced riders.","breadcrumb":{"@id":"https:\/\/cozysaddles.com\/products\/cozy-safety-stirrup-with-cage\/#breadcrumb"},"inLanguage":"da-DK","potentialAction":[{"@type":"ReadAction","target":["https:\/\/cozysaddles.com\/products\/cozy-safety-stirrup-with-cage\/"]}]},{"@type":"ImageObject","inLanguage":"da-DK","@id":"https:\/\/cozysaddles.com\/products\/cozy-safety-stirrup-with-cage\/#primaryimage","url":"https:\/\/cozysaddles.com\/wp-content\/uploads\/2024\/02\/cozy-safety-stirrup-with-cage-endurance.jpg","contentUrl":"https:\/\/cozysaddles.com\/wp-content\/uploads\/2024\/02\/cozy-safety-stirrup-with-cage-endurance.jpg","width":600,"height":600,"caption":"Safety stirrups with cage in pair - suitable for trekking and endurance riding"},{"@type":"BreadcrumbList","@id":"https:\/\/cozysaddles.com\/products\/cozy-safety-stirrup-with-cage\/#breadcrumb","itemListElement":[{"@type":"ListItem","position":1,"name":"Home","item":"https:\/\/cozysaddles.com\/"},{"@type":"ListItem","position":2,"name":"Products","item":"https:\/\/cozysaddles.com\/products\/"},{"@type":"ListItem","position":3,"name":"Cozy safety stirrup with cage"}]},{"@type":"WebSite","@id":"https:\/\/cozysaddles.com\/#website","url":"https:\/\/cozysaddles.com\/","name":"Cozy","description":"Easy, simple and affordable","publisher":{"@id":"https:\/\/cozysaddles.com\/#organization"},"potentialAction":[{"@type":"SearchAction","target":{"@type":"EntryPoint","urlTemplate":"https:\/\/cozysaddles.com\/?s={search_term_string}"},"query-input":{"@type":"PropertyValueSpecification","valueRequired":true,"valueName":"search_term_string"}}],"inLanguage":"da-DK"},{"@type":"Organization","@id":"https:\/\/cozysaddles.com\/#organization","name":"Cozy","url":"https:\/\/cozysaddles.com\/","logo":{"@type":"ImageObject","inLanguage":"da-DK","@id":"https:\/\/cozysaddles.com\/#\/schema\/logo\/image\/","url":"https:\/\/cozysaddles.com\/wp-content\/uploads\/2024\/04\/cozy-logo-310.png","contentUrl":"https:\/\/cozysaddles.com\/wp-content\/uploads\/2024\/04\/cozy-logo-310.png","width":310,"height":139,"caption":"Cozy"},"image":{"@id":"https:\/\/cozysaddles.com\/#\/schema\/logo\/image\/"}}]}},"_links":{"self":[{"href":"https:\/\/cozysaddles.com\/da\/wp-json\/wp\/v2\/pages\/557","targetHints":{"allow":["GET"]}}],"collection":[{"href":"https:\/\/cozysaddles.com\/da\/wp-json\/wp\/v2\/pages"}],"about":[{"href":"https:\/\/cozysaddles.com\/da\/wp-json\/wp\/v2\/types\/page"}],"author":[{"embeddable":true,"href":"https:\/\/cozysaddles.com\/da\/wp-json\/wp\/v2\/users\/1"}],"replies":[{"embeddable":true,"href":"https:\/\/cozysaddles.com\/da\/wp-json\/wp\/v2\/comments?post=557"}],"version-history":[{"count":0,"href":"https:\/\/cozysaddles.com\/da\/wp-json\/wp\/v2\/pages\/557\/revisions"}],"up":[{"embeddable":true,"href":"https:\/\/cozysaddles.com\/da\/wp-json\/wp\/v2\/pages\/108"}],"wp:featuredmedia":[{"embeddable":true,"href":"https:\/\/cozysaddles.com\/da\/wp-json\/wp\/v2\/media\/561"}],"wp:attachment":[{"href":"https:\/\/cozysaddles.com\/da\/wp-json\/wp\/v2\/media?parent=557"}],"curies":[{"name":"wp","href":"https:\/\/api.w.org\/{rel}","templated":true}]}}