{"id":6,"date":"2021-03-02T10:52:28","date_gmt":"2021-03-02T10:52:28","guid":{"rendered":"http:\/\/167.235.1.82\/~hobbyhes\/cozysaddles\/?page_id=6"},"modified":"2025-09-15T10:47:34","modified_gmt":"2025-09-15T10:47:34","slug":"cozy-horsware","status":"publish","type":"page","link":"https:\/\/cozysaddles.com\/da\/","title":{"rendered":"Cozy"},"content":{"rendered":"<div data-elementor-type=\"wp-page\" data-elementor-id=\"6\" class=\"elementor elementor-6\" data-elementor-post-type=\"page\">\n\t\t\t\t\t\t<section class=\"elementor-section elementor-top-section elementor-element elementor-element-29e73fea elementor-section-boxed elementor-section-height-default elementor-section-height-default\" data-id=\"29e73fea\" data-element_type=\"section\" data-e-type=\"section\" data-settings=\"{&quot;background_background&quot;:&quot;classic&quot;}\">\n\t\t\t\t\t\t<div class=\"elementor-container elementor-column-gap-default\">\n\t\t\t\t\t<div class=\"elementor-column elementor-col-100 elementor-top-column elementor-element elementor-element-1843090c\" data-id=\"1843090c\" data-element_type=\"column\" data-e-type=\"column\" data-settings=\"{&quot;background_background&quot;:&quot;classic&quot;}\">\n\t\t\t<div class=\"elementor-widget-wrap elementor-element-populated\">\n\t\t\t\t\t\t<div class=\"elementor-element elementor-element-4ba5408a elementor-widget elementor-widget-heading\" data-id=\"4ba5408a\" data-element_type=\"widget\" data-e-type=\"widget\" data-widget_type=\"heading.default\">\n\t\t\t\t<div class=\"elementor-widget-container\">\n\t\t\t\t\t<h2 class=\"elementor-heading-title elementor-size-large\">Ridning skal v\u00e6re behageligt<\/h2>\t\t\t\t<\/div>\n\t\t\t\t<\/div>\n\t\t\t\t<div class=\"elementor-element elementor-element-496a1398 elementor-widget elementor-widget-text-editor\" data-id=\"496a1398\" data-element_type=\"widget\" data-e-type=\"widget\" data-widget_type=\"text-editor.default\">\n\t\t\t\t<div class=\"elementor-widget-container\">\n\t\t\t\t\t\t\t\t\t<p>Cozy handler om moderne, simple produkter til en overkommelig pris. Vi har fokus p\u00e5 funktionalitet, sikkerhed og komfort for b\u00e5de heste og rytter\u00a0<\/p>\t\t\t\t\t\t\t\t<\/div>\n\t\t\t\t<\/div>\n\t\t\t\t\t<\/div>\n\t\t<\/div>\n\t\t\t\t\t<\/div>\n\t\t<\/section>\n\t\t\t\t<section class=\"elementor-section elementor-top-section elementor-element elementor-element-4ee0ecca elementor-section-boxed elementor-section-height-default elementor-section-height-default\" data-id=\"4ee0ecca\" data-element_type=\"section\" data-e-type=\"section\" data-settings=\"{&quot;background_background&quot;:&quot;classic&quot;}\">\n\t\t\t\t\t\t<div class=\"elementor-container elementor-column-gap-default\">\n\t\t\t\t\t<div class=\"elementor-column elementor-col-100 elementor-top-column elementor-element elementor-element-55d60cb5\" data-id=\"55d60cb5\" data-element_type=\"column\" data-e-type=\"column\">\n\t\t\t<div class=\"elementor-widget-wrap elementor-element-populated\">\n\t\t\t\t\t\t<div class=\"elementor-element elementor-element-ab3b2e9 elementor-widget elementor-widget-heading\" data-id=\"ab3b2e9\" data-element_type=\"widget\" data-e-type=\"widget\" data-widget_type=\"heading.default\">\n\t\t\t\t<div class=\"elementor-widget-container\">\n\t\t\t\t\t<h2 class=\"elementor-heading-title elementor-size-default\">Kontakt os<\/h2>\t\t\t\t<\/div>\n\t\t\t\t<\/div>\n\t\t\t\t<div class=\"elementor-element elementor-element-cdec136 elementor-widget elementor-widget-text-editor\" data-id=\"cdec136\" data-element_type=\"widget\" data-e-type=\"widget\" data-widget_type=\"text-editor.default\">\n\t\t\t\t<div class=\"elementor-widget-container\">\n\t\t\t\t\t\t\t\t\t<p>Har du sp\u00f8rgsm\u00e5l til vores produkter og ydelser, er du velkommen til at kontakte os p\u00e5 mail.<\/p>\t\t\t\t\t\t\t\t<\/div>\n\t\t\t\t<\/div>\n\t\t\t\t<div class=\"elementor-element elementor-element-d10cc05 elementor-widget elementor-widget-button\" data-id=\"d10cc05\" data-element_type=\"widget\" data-e-type=\"widget\" data-widget_type=\"button.default\">\n\t\t\t\t<div class=\"elementor-widget-container\">\n\t\t\t\t\t\t\t\t\t<div class=\"elementor-button-wrapper\">\n\t\t\t\t\t<a class=\"elementor-button elementor-button-link elementor-size-md\" href=\"mailto:info@cozysaddles.com\">\n\t\t\t\t\t\t<span class=\"elementor-button-content-wrapper\">\n\t\t\t\t\t\t<span class=\"elementor-button-icon\">\n\t\t\t\t<svg aria-hidden=\"true\" class=\"e-font-icon-svg e-far-envelope\" viewbox=\"0 0 512 512\" xmlns=\"http:\/\/www.w3.org\/2000\/svg\"><path d=\"M464 64H48C21.49 64 0 85.49 0 112v288c0 26.51 21.49 48 48 48h416c26.51 0 48-21.49 48-48V112c0-26.51-21.49-48-48-48zm0 48v40.805c-22.422 18.259-58.168 46.651-134.587 106.49-16.841 13.247-50.201 45.072-73.413 44.701-23.208.375-56.579-31.459-73.413-44.701C106.18 199.465 70.425 171.067 48 152.805V112h416zM48 400V214.398c22.914 18.251 55.409 43.862 104.938 82.646 21.857 17.205 60.134 55.186 103.062 54.955 42.717.231 80.509-37.199 103.053-54.947 49.528-38.783 82.032-64.401 104.947-82.653V400H48z\"><\/path><\/svg>\t\t\t<\/span>\n\t\t\t\t\t\t\t\t\t<span class=\"elementor-button-text\">info@cozysaddles.com<\/span>\n\t\t\t\t\t<\/span>\n\t\t\t\t\t<\/a>\n\t\t\t\t<\/div>\n\t\t\t\t\t\t\t\t<\/div>\n\t\t\t\t<\/div>\n\t\t\t\t\t<\/div>\n\t\t<\/div>\n\t\t\t\t\t<\/div>\n\t\t<\/section>\n\t\t\t\t<section class=\"elementor-section elementor-top-section elementor-element elementor-element-815da93 elementor-section-boxed elementor-section-height-default elementor-section-height-default\" data-id=\"815da93\" data-element_type=\"section\" data-e-type=\"section\">\n\t\t\t\t\t\t<div class=\"elementor-container elementor-column-gap-default\">\n\t\t\t\t\t<div class=\"elementor-column elementor-col-100 elementor-top-column elementor-element elementor-element-850b206\" data-id=\"850b206\" data-element_type=\"column\" data-e-type=\"column\">\n\t\t\t<div class=\"elementor-widget-wrap elementor-element-populated\">\n\t\t\t\t\t\t<div class=\"elementor-element elementor-element-0e29604 elementor-widget elementor-widget-heading\" data-id=\"0e29604\" data-element_type=\"widget\" data-e-type=\"widget\" data-widget_type=\"heading.default\">\n\t\t\t\t<div class=\"elementor-widget-container\">\n\t\t\t\t\t<h2 class=\"elementor-heading-title elementor-size-default\">Produkter<\/h2>\t\t\t\t<\/div>\n\t\t\t\t<\/div>\n\t\t\t\t<div class=\"elementor-element elementor-element-432d7e8 elementor-grid-4 elementor-grid-tablet-2 elementor-grid-mobile-1 elementor-posts--thumbnail-top elementor-widget elementor-widget-posts\" data-id=\"432d7e8\" data-element_type=\"widget\" data-e-type=\"widget\" data-settings=\"{&quot;classic_columns&quot;:&quot;4&quot;,&quot;classic_columns_tablet&quot;:&quot;2&quot;,&quot;classic_columns_mobile&quot;:&quot;1&quot;,&quot;classic_row_gap&quot;:{&quot;unit&quot;:&quot;px&quot;,&quot;size&quot;:35,&quot;sizes&quot;:[]},&quot;classic_row_gap_tablet&quot;:{&quot;unit&quot;:&quot;px&quot;,&quot;size&quot;:&quot;&quot;,&quot;sizes&quot;:[]},&quot;classic_row_gap_mobile&quot;:{&quot;unit&quot;:&quot;px&quot;,&quot;size&quot;:&quot;&quot;,&quot;sizes&quot;:[]}}\" data-widget_type=\"posts.classic\">\n\t\t\t\t<div class=\"elementor-widget-container\">\n\t\t\t\t\t\t\t<div class=\"elementor-posts-container elementor-posts elementor-posts--skin-classic elementor-grid\" role=\"list\">\n\t\t\t\t<article class=\"elementor-post elementor-grid-item post-653 page type-page status-publish has-post-thumbnail hentry\" role=\"listitem\">\n\t\t\t\t<a class=\"elementor-post__thumbnail__link\" href=\"https:\/\/cozysaddles.com\/da\/products\/cozy-short-support-treeless-leather-saddle\/\" tabindex=\"-1\" >\n\t\t\t<div class=\"elementor-post__thumbnail\"><img fetchpriority=\"high\" decoding=\"async\" width=\"300\" height=\"300\" src=\"https:\/\/cozysaddles.com\/wp-content\/uploads\/2025\/09\/cozy-ss-bomloes-sadel-sort-side-600px-300x300.jpg\" class=\"attachment-medium size-medium wp-image-655\" alt=\"\" srcset=\"https:\/\/cozysaddles.com\/wp-content\/uploads\/2025\/09\/cozy-ss-bomloes-sadel-sort-side-600px-300x300.jpg 300w, https:\/\/cozysaddles.com\/wp-content\/uploads\/2025\/09\/cozy-ss-bomloes-sadel-sort-side-600px-150x150.jpg 150w, https:\/\/cozysaddles.com\/wp-content\/uploads\/2025\/09\/cozy-ss-bomloes-sadel-sort-side-600px-12x12.jpg 12w, https:\/\/cozysaddles.com\/wp-content\/uploads\/2025\/09\/cozy-ss-bomloes-sadel-sort-side-600px-100x100.jpg 100w, https:\/\/cozysaddles.com\/wp-content\/uploads\/2025\/09\/cozy-ss-bomloes-sadel-sort-side-600px.jpg 600w\" sizes=\"(max-width: 300px) 100vw, 300px\" \/><\/div>\n\t\t<\/a>\n\t\t\t\t<div class=\"elementor-post__text\">\n\t\t\t\t<h3 class=\"elementor-post__title\">\n\t\t\t<a href=\"https:\/\/cozysaddles.com\/da\/products\/cozy-short-support-treeless-leather-saddle\/\" >\n\t\t\t\tCozy Short Support treeless leather saddle\t\t\t<\/a>\n\t\t<\/h3>\n\t\t\n\t\t<a class=\"elementor-post__read-more\" href=\"https:\/\/cozysaddles.com\/da\/products\/cozy-short-support-treeless-leather-saddle\/\" aria-label=\"Read more about Cozy Short Support treeless leather saddle\" tabindex=\"-1\" >\n\t\t\tRead More \u00bb\t\t<\/a>\n\n\t\t\t\t<\/div>\n\t\t\t\t<\/article>\n\t\t\t\t<article class=\"elementor-post elementor-grid-item post-486 page type-page status-publish has-post-thumbnail hentry\" role=\"listitem\">\n\t\t\t\t<a class=\"elementor-post__thumbnail__link\" href=\"https:\/\/cozysaddles.com\/da\/products\/cozy-bareback-pad\/\" tabindex=\"-1\" >\n\t\t\t<div class=\"elementor-post__thumbnail\"><img decoding=\"async\" width=\"300\" height=\"300\" src=\"https:\/\/cozysaddles.com\/wp-content\/uploads\/2022\/12\/cozy-luxury-bareback-pad600x600-300x300.jpg\" class=\"attachment-medium size-medium wp-image-488\" alt=\"\" srcset=\"https:\/\/cozysaddles.com\/wp-content\/uploads\/2022\/12\/cozy-luxury-bareback-pad600x600-300x300.jpg 300w, https:\/\/cozysaddles.com\/wp-content\/uploads\/2022\/12\/cozy-luxury-bareback-pad600x600-150x150.jpg 150w, https:\/\/cozysaddles.com\/wp-content\/uploads\/2022\/12\/cozy-luxury-bareback-pad600x600-100x100.jpg 100w, https:\/\/cozysaddles.com\/wp-content\/uploads\/2022\/12\/cozy-luxury-bareback-pad600x600.jpg 600w\" sizes=\"(max-width: 300px) 100vw, 300px\" \/><\/div>\n\t\t<\/a>\n\t\t\t\t<div class=\"elementor-post__text\">\n\t\t\t\t<h3 class=\"elementor-post__title\">\n\t\t\t<a href=\"https:\/\/cozysaddles.com\/da\/products\/cozy-bareback-pad\/\" >\n\t\t\t\tCozy ridepad\t\t\t<\/a>\n\t\t<\/h3>\n\t\t\n\t\t<a class=\"elementor-post__read-more\" href=\"https:\/\/cozysaddles.com\/da\/products\/cozy-bareback-pad\/\" aria-label=\"Read more about Cozy Bareback Pad\" tabindex=\"-1\" >\n\t\t\tRead More \u00bb\t\t<\/a>\n\n\t\t\t\t<\/div>\n\t\t\t\t<\/article>\n\t\t\t\t<article class=\"elementor-post elementor-grid-item post-125 page type-page status-publish has-post-thumbnail hentry\" role=\"listitem\">\n\t\t\t\t<a class=\"elementor-post__thumbnail__link\" href=\"https:\/\/cozysaddles.com\/da\/products\/cozy-treeless-fabric-saddle\/\" tabindex=\"-1\" >\n\t\t\t<div class=\"elementor-post__thumbnail\"><img decoding=\"async\" width=\"300\" height=\"300\" src=\"https:\/\/cozysaddles.com\/wp-content\/uploads\/2021\/08\/cozy-treeless-saddle-fabric-frontside-600x600-1-300x300.jpg\" class=\"attachment-medium size-medium wp-image-190\" alt=\"Cozy treeless saddle in fabric, seen from the front\" srcset=\"https:\/\/cozysaddles.com\/wp-content\/uploads\/2021\/08\/cozy-treeless-saddle-fabric-frontside-600x600-1-300x300.jpg 300w, https:\/\/cozysaddles.com\/wp-content\/uploads\/2021\/08\/cozy-treeless-saddle-fabric-frontside-600x600-1.jpg 600w, https:\/\/cozysaddles.com\/wp-content\/uploads\/2021\/08\/cozy-treeless-saddle-fabric-frontside-600x600-1-100x100.jpg 100w, https:\/\/cozysaddles.com\/wp-content\/uploads\/2021\/08\/cozy-treeless-saddle-fabric-frontside-600x600-1-150x150.jpg 150w\" sizes=\"(max-width: 300px) 100vw, 300px\" \/><\/div>\n\t\t<\/a>\n\t\t\t\t<div class=\"elementor-post__text\">\n\t\t\t\t<h3 class=\"elementor-post__title\">\n\t\t\t<a href=\"https:\/\/cozysaddles.com\/da\/products\/cozy-treeless-fabric-saddle\/\" >\n\t\t\t\tCozy boml\u00f8s sadel i stof\t\t\t<\/a>\n\t\t<\/h3>\n\t\t\n\t\t<a class=\"elementor-post__read-more\" href=\"https:\/\/cozysaddles.com\/da\/products\/cozy-treeless-fabric-saddle\/\" aria-label=\"Read more about Cozy treeless fabric saddle\" tabindex=\"-1\" >\n\t\t\tRead More \u00bb\t\t<\/a>\n\n\t\t\t\t<\/div>\n\t\t\t\t<\/article>\n\t\t\t\t<article class=\"elementor-post elementor-grid-item post-116 page type-page status-publish has-post-thumbnail hentry\" role=\"listitem\">\n\t\t\t\t<a class=\"elementor-post__thumbnail__link\" href=\"https:\/\/cozysaddles.com\/da\/products\/cozy-treeless-leather-saddle\/\" tabindex=\"-1\" >\n\t\t\t<div class=\"elementor-post__thumbnail\"><img loading=\"lazy\" decoding=\"async\" width=\"300\" height=\"300\" src=\"https:\/\/cozysaddles.com\/wp-content\/uploads\/2021\/08\/cozy-treeless-saddle-leather-frontside-600x600-1-300x300.jpg\" class=\"attachment-medium size-medium wp-image-213\" alt=\"Cozy treeless leather saddle seen from the front\" srcset=\"https:\/\/cozysaddles.com\/wp-content\/uploads\/2021\/08\/cozy-treeless-saddle-leather-frontside-600x600-1-300x300.jpg 300w, https:\/\/cozysaddles.com\/wp-content\/uploads\/2021\/08\/cozy-treeless-saddle-leather-frontside-600x600-1.jpg 600w, https:\/\/cozysaddles.com\/wp-content\/uploads\/2021\/08\/cozy-treeless-saddle-leather-frontside-600x600-1-100x100.jpg 100w, https:\/\/cozysaddles.com\/wp-content\/uploads\/2021\/08\/cozy-treeless-saddle-leather-frontside-600x600-1-150x150.jpg 150w\" sizes=\"(max-width: 300px) 100vw, 300px\" \/><\/div>\n\t\t<\/a>\n\t\t\t\t<div class=\"elementor-post__text\">\n\t\t\t\t<h3 class=\"elementor-post__title\">\n\t\t\t<a href=\"https:\/\/cozysaddles.com\/da\/products\/cozy-treeless-leather-saddle\/\" >\n\t\t\t\tCozy boml\u00f8s sadel i l\u00e6der\t\t\t<\/a>\n\t\t<\/h3>\n\t\t\n\t\t<a class=\"elementor-post__read-more\" href=\"https:\/\/cozysaddles.com\/da\/products\/cozy-treeless-leather-saddle\/\" aria-label=\"Read more about Cozy treeless leather saddle\" tabindex=\"-1\" >\n\t\t\tRead More \u00bb\t\t<\/a>\n\n\t\t\t\t<\/div>\n\t\t\t\t<\/article>\n\t\t\t\t<\/div>\n\t\t\n\t\t\t\t\t\t<\/div>\n\t\t\t\t<\/div>\n\t\t\t\t\t<\/div>\n\t\t<\/div>\n\t\t\t\t\t<\/div>\n\t\t<\/section>\n\t\t\t\t<section class=\"elementor-section elementor-top-section elementor-element elementor-element-2e0ac3f6 elementor-section-boxed elementor-section-height-default elementor-section-height-default\" data-id=\"2e0ac3f6\" data-element_type=\"section\" data-e-type=\"section\" data-settings=\"{&quot;background_background&quot;:&quot;classic&quot;}\">\n\t\t\t\t\t\t<div class=\"elementor-container elementor-column-gap-default\">\n\t\t\t\t\t<div class=\"elementor-column elementor-col-100 elementor-top-column elementor-element elementor-element-580fc985\" data-id=\"580fc985\" data-element_type=\"column\" data-e-type=\"column\">\n\t\t\t<div class=\"elementor-widget-wrap elementor-element-populated\">\n\t\t\t\t\t\t<div class=\"elementor-element elementor-element-5d89e22 elementor-widget elementor-widget-text-editor\" data-id=\"5d89e22\" data-element_type=\"widget\" data-e-type=\"widget\" data-widget_type=\"text-editor.default\">\n\t\t\t\t<div class=\"elementor-widget-container\">\n\t\t\t\t\t\t\t\t\t<p>Cozy is a wholesaler business located in Denmark (EU). We sell horse equipment for the everyday rider like the Cozy Treeless leather saddle.<\/p><p>Vi str\u00e6ber efter finde produkter med fokus p\u00e5 funktionalitet, komfort og sikkerhed til en overkommelig pris. Vi tester vores produkter grundigt, ikke i et laboratorium, men i den virkelige verden sammen med dedikerede ryttere og heste i alle former og st\u00f8rrelser.<\/p><p>Kontakt os gerne, hvis du \u00f8nsker at forhandle produkter fra Cozy<\/p>\t\t\t\t\t\t\t\t<\/div>\n\t\t\t\t<\/div>\n\t\t\t\t\t<\/div>\n\t\t<\/div>\n\t\t\t\t\t<\/div>\n\t\t<\/section>\n\t\t\t\t<\/div>","protected":false},"excerpt":{"rendered":"<p>Riding should be enjoyable Cozy riding equipment is about modern, simple and affordable products with focus on functionality and comfort for both horse and rider.\u00a0<\/p>","protected":false},"author":1,"featured_media":63,"parent":0,"menu_order":0,"comment_status":"closed","ping_status":"closed","template":"elementor_header_footer","meta":{"footnotes":""},"class_list":["post-6","page","type-page","status-publish","has-post-thumbnail","hentry"],"yoast_head":"<!-- This site is optimized with the Yoast SEO plugin v27.4 - https:\/\/yoast.com\/product\/yoast-seo-wordpress\/ -->\n<title>Cozy - Cozy<\/title>\n<meta name=\"description\" content=\"Cozy is a wholesaler business located in EU. We sell horse equipment for the everyday rider like the Cozy Treeless leather saddle.\" \/>\n<meta name=\"robots\" content=\"noindex, follow, max-snippet:-1, max-image-preview:large, max-video-preview:-1\" \/>\n<meta property=\"og:locale\" content=\"da_DK\" \/>\n<meta property=\"og:type\" content=\"article\" \/>\n<meta property=\"og:title\" content=\"Cozy - Cozy\" \/>\n<meta property=\"og:description\" content=\"Cozy is a wholesaler business located in EU. We sell horse equipment for the everyday rider like the Cozy Treeless leather saddle.\" \/>\n<meta property=\"og:url\" content=\"https:\/\/cozysaddles.com\/da\/\" \/>\n<meta property=\"og:site_name\" content=\"Cozy\" \/>\n<meta property=\"article:modified_time\" content=\"2025-09-15T10:47:34+00:00\" \/>\n<meta property=\"og:image\" content=\"https:\/\/cozysaddles.com\/wp-content\/uploads\/2021\/03\/riding-in-sun.jpg\" \/>\n\t<meta property=\"og:image:width\" content=\"1073\" \/>\n\t<meta property=\"og:image:height\" content=\"880\" \/>\n\t<meta property=\"og:image:type\" content=\"image\/jpeg\" \/>\n<meta name=\"twitter:card\" content=\"summary_large_image\" \/>\n<meta name=\"twitter:label1\" content=\"Estimeret l\u00e6setid\" \/>\n\t<meta name=\"twitter:data1\" content=\"2 minutter\" \/>\n<script type=\"application\/ld+json\" class=\"yoast-schema-graph\">{\"@context\":\"https:\\\/\\\/schema.org\",\"@graph\":[{\"@type\":\"WebPage\",\"@id\":\"https:\\\/\\\/cozysaddles.com\\\/\",\"url\":\"https:\\\/\\\/cozysaddles.com\\\/\",\"name\":\"Cozy - Cozy\",\"isPartOf\":{\"@id\":\"https:\\\/\\\/cozysaddles.com\\\/#website\"},\"primaryImageOfPage\":{\"@id\":\"https:\\\/\\\/cozysaddles.com\\\/#primaryimage\"},\"image\":{\"@id\":\"https:\\\/\\\/cozysaddles.com\\\/#primaryimage\"},\"thumbnailUrl\":\"https:\\\/\\\/cozysaddles.com\\\/wp-content\\\/uploads\\\/2021\\\/03\\\/riding-in-sun.jpg\",\"datePublished\":\"2021-03-02T10:52:28+00:00\",\"dateModified\":\"2025-09-15T10:47:34+00:00\",\"description\":\"Cozy is a wholesaler business located in EU. We sell horse equipment for the everyday rider like the Cozy Treeless leather saddle.\",\"breadcrumb\":{\"@id\":\"https:\\\/\\\/cozysaddles.com\\\/#breadcrumb\"},\"inLanguage\":\"da-DK\",\"potentialAction\":[{\"@type\":\"ReadAction\",\"target\":[\"https:\\\/\\\/cozysaddles.com\\\/\"]}]},{\"@type\":\"ImageObject\",\"inLanguage\":\"da-DK\",\"@id\":\"https:\\\/\\\/cozysaddles.com\\\/#primaryimage\",\"url\":\"https:\\\/\\\/cozysaddles.com\\\/wp-content\\\/uploads\\\/2021\\\/03\\\/riding-in-sun.jpg\",\"contentUrl\":\"https:\\\/\\\/cozysaddles.com\\\/wp-content\\\/uploads\\\/2021\\\/03\\\/riding-in-sun.jpg\",\"width\":1073,\"height\":880,\"caption\":\"Rider and horse silhouette riding in sunset\"},{\"@type\":\"BreadcrumbList\",\"@id\":\"https:\\\/\\\/cozysaddles.com\\\/#breadcrumb\",\"itemListElement\":[{\"@type\":\"ListItem\",\"position\":1,\"name\":\"Home\",\"item\":\"https:\\\/\\\/cozysaddles.com\\\/\"},{\"@type\":\"ListItem\",\"position\":2,\"name\":\"Cozy\"}]},{\"@type\":\"WebSite\",\"@id\":\"https:\\\/\\\/cozysaddles.com\\\/#website\",\"url\":\"https:\\\/\\\/cozysaddles.com\\\/\",\"name\":\"Cozy\",\"description\":\"Easy, simple and affordable\",\"publisher\":{\"@id\":\"https:\\\/\\\/cozysaddles.com\\\/#organization\"},\"potentialAction\":[{\"@type\":\"SearchAction\",\"target\":{\"@type\":\"EntryPoint\",\"urlTemplate\":\"https:\\\/\\\/cozysaddles.com\\\/?s={search_term_string}\"},\"query-input\":{\"@type\":\"PropertyValueSpecification\",\"valueRequired\":true,\"valueName\":\"search_term_string\"}}],\"inLanguage\":\"da-DK\"},{\"@type\":\"Organization\",\"@id\":\"https:\\\/\\\/cozysaddles.com\\\/#organization\",\"name\":\"Cozy\",\"url\":\"https:\\\/\\\/cozysaddles.com\\\/\",\"logo\":{\"@type\":\"ImageObject\",\"inLanguage\":\"da-DK\",\"@id\":\"https:\\\/\\\/cozysaddles.com\\\/#\\\/schema\\\/logo\\\/image\\\/\",\"url\":\"https:\\\/\\\/cozysaddles.com\\\/wp-content\\\/uploads\\\/2024\\\/04\\\/cozy-logo-310.png\",\"contentUrl\":\"https:\\\/\\\/cozysaddles.com\\\/wp-content\\\/uploads\\\/2024\\\/04\\\/cozy-logo-310.png\",\"width\":310,\"height\":139,\"caption\":\"Cozy\"},\"image\":{\"@id\":\"https:\\\/\\\/cozysaddles.com\\\/#\\\/schema\\\/logo\\\/image\\\/\"}}]}<\/script>\n<!-- \/ Yoast SEO plugin. -->","yoast_head_json":{"title":"Cozy - Cozy","description":"Cozy er en grossistvirksomhed med lokation i Danmark. Vi s\u00e6lger rideudstyr til hverdagsridning som f.eks. Cozy boml\u00f8se sadler.","robots":{"index":"noindex","follow":"follow","max-snippet":"max-snippet:-1","max-image-preview":"max-image-preview:large","max-video-preview":"max-video-preview:-1"},"og_locale":"da_DK","og_type":"article","og_title":"Cozy - Cozy","og_description":"Cozy is a wholesaler business located in EU. We sell horse equipment for the everyday rider like the Cozy Treeless leather saddle.","og_url":"https:\/\/cozysaddles.com\/da\/","og_site_name":"Cozy","article_modified_time":"2025-09-15T10:47:34+00:00","og_image":[{"width":1073,"height":880,"url":"https:\/\/cozysaddles.com\/wp-content\/uploads\/2021\/03\/riding-in-sun.jpg","type":"image\/jpeg"}],"twitter_card":"summary_large_image","twitter_misc":{"Estimeret l\u00e6setid":"2 minutter"},"schema":{"@context":"https:\/\/schema.org","@graph":[{"@type":"WebPage","@id":"https:\/\/cozysaddles.com\/","url":"https:\/\/cozysaddles.com\/","name":"Cozy - Cozy","isPartOf":{"@id":"https:\/\/cozysaddles.com\/#website"},"primaryImageOfPage":{"@id":"https:\/\/cozysaddles.com\/#primaryimage"},"image":{"@id":"https:\/\/cozysaddles.com\/#primaryimage"},"thumbnailUrl":"https:\/\/cozysaddles.com\/wp-content\/uploads\/2021\/03\/riding-in-sun.jpg","datePublished":"2021-03-02T10:52:28+00:00","dateModified":"2025-09-15T10:47:34+00:00","description":"Cozy er en grossistvirksomhed med lokation i Danmark. Vi s\u00e6lger rideudstyr til hverdagsridning som f.eks. Cozy boml\u00f8se sadler.","breadcrumb":{"@id":"https:\/\/cozysaddles.com\/#breadcrumb"},"inLanguage":"da-DK","potentialAction":[{"@type":"ReadAction","target":["https:\/\/cozysaddles.com\/"]}]},{"@type":"ImageObject","inLanguage":"da-DK","@id":"https:\/\/cozysaddles.com\/#primaryimage","url":"https:\/\/cozysaddles.com\/wp-content\/uploads\/2021\/03\/riding-in-sun.jpg","contentUrl":"https:\/\/cozysaddles.com\/wp-content\/uploads\/2021\/03\/riding-in-sun.jpg","width":1073,"height":880,"caption":"Rider and horse silhouette riding in sunset"},{"@type":"BreadcrumbList","@id":"https:\/\/cozysaddles.com\/#breadcrumb","itemListElement":[{"@type":"ListItem","position":1,"name":"Home","item":"https:\/\/cozysaddles.com\/"},{"@type":"ListItem","position":2,"name":"Cozy"}]},{"@type":"WebSite","@id":"https:\/\/cozysaddles.com\/#website","url":"https:\/\/cozysaddles.com\/","name":"Cozy","description":"Easy, simple and affordable","publisher":{"@id":"https:\/\/cozysaddles.com\/#organization"},"potentialAction":[{"@type":"SearchAction","target":{"@type":"EntryPoint","urlTemplate":"https:\/\/cozysaddles.com\/?s={search_term_string}"},"query-input":{"@type":"PropertyValueSpecification","valueRequired":true,"valueName":"search_term_string"}}],"inLanguage":"da-DK"},{"@type":"Organization","@id":"https:\/\/cozysaddles.com\/#organization","name":"Cozy","url":"https:\/\/cozysaddles.com\/","logo":{"@type":"ImageObject","inLanguage":"da-DK","@id":"https:\/\/cozysaddles.com\/#\/schema\/logo\/image\/","url":"https:\/\/cozysaddles.com\/wp-content\/uploads\/2024\/04\/cozy-logo-310.png","contentUrl":"https:\/\/cozysaddles.com\/wp-content\/uploads\/2024\/04\/cozy-logo-310.png","width":310,"height":139,"caption":"Cozy"},"image":{"@id":"https:\/\/cozysaddles.com\/#\/schema\/logo\/image\/"}}]}},"_links":{"self":[{"href":"https:\/\/cozysaddles.com\/da\/wp-json\/wp\/v2\/pages\/6","targetHints":{"allow":["GET"]}}],"collection":[{"href":"https:\/\/cozysaddles.com\/da\/wp-json\/wp\/v2\/pages"}],"about":[{"href":"https:\/\/cozysaddles.com\/da\/wp-json\/wp\/v2\/types\/page"}],"author":[{"embeddable":true,"href":"https:\/\/cozysaddles.com\/da\/wp-json\/wp\/v2\/users\/1"}],"replies":[{"embeddable":true,"href":"https:\/\/cozysaddles.com\/da\/wp-json\/wp\/v2\/comments?post=6"}],"version-history":[{"count":9,"href":"https:\/\/cozysaddles.com\/da\/wp-json\/wp\/v2\/pages\/6\/revisions"}],"predecessor-version":[{"id":671,"href":"https:\/\/cozysaddles.com\/da\/wp-json\/wp\/v2\/pages\/6\/revisions\/671"}],"wp:featuredmedia":[{"embeddable":true,"href":"https:\/\/cozysaddles.com\/da\/wp-json\/wp\/v2\/media\/63"}],"wp:attachment":[{"href":"https:\/\/cozysaddles.com\/da\/wp-json\/wp\/v2\/media?parent=6"}],"curies":[{"name":"wp","href":"https:\/\/api.w.org\/{rel}","templated":true}]}}